{"id":603,"date":"2025-10-18T10:15:28","date_gmt":"2025-10-18T10:15:28","guid":{"rendered":"https:\/\/playgolf18.com\/funzione\/"},"modified":"2025-11-20T14:00:26","modified_gmt":"2025-11-20T14:00:26","slug":"funzione","status":"publish","type":"page","link":"https:\/\/playgolf18.com\/it\/funzione\/","title":{"rendered":"Funzione"},"content":{"rendered":"\t\t<div data-elementor-type=\"wp-page\" data-elementor-id=\"603\" class=\"elementor elementor-603 elementor-289\" data-elementor-post-type=\"page\">\n\t\t\t\t<div class=\"elementor-element elementor-element-c221b64 e-flex e-con-boxed e-con e-parent\" data-id=\"c221b64\" data-element_type=\"container\" data-e-type=\"container\">\n\t\t\t\t\t<div class=\"e-con-inner\">\n\t\t\t\t<div class=\"elementor-element elementor-element-c777c74 elementor-widget elementor-widget-heading\" data-id=\"c777c74\" data-element_type=\"widget\" data-e-type=\"widget\" data-widget_type=\"heading.default\">\n\t\t\t\t<div class=\"elementor-widget-container\">\n\t\t\t\t\t<h1 class=\"elementor-heading-title elementor-size-default\">Come funziona la Golf Performance Scorecard<\/h1>\t\t\t\t<\/div>\n\t\t\t\t<\/div>\n\t\t\t\t<div class=\"elementor-element elementor-element-e08369c elementor-widget elementor-widget-text-editor\" data-id=\"e08369c\" data-element_type=\"widget\" data-e-type=\"widget\" data-widget_type=\"text-editor.default\">\n\t\t\t\t<div class=\"elementor-widget-container\">\n\t\t\t\t\t\t\t\t\t<p><strong data-start=\"444\" data-end=\"494\">Comprendi il tuo gioco. Migliora il tuo allenamento.<\/strong><br data-start=\"494\" data-end=\"497\">Con la Golf Performance Scorecard puoi registrare ogni round in modo strutturato \u2013 <strong data-start=\"569\" data-end=\"586\">buco per buco<\/strong> \u2013 e vedere a colpo d&#8217;occhio <strong data-start=\"617\" data-end=\"647\">dove stai perdendo colpi<\/strong>. Alla fine, inserisci i tuoi totali nel <strong data-start=\"687\" data-end=\"713\">calcolatore del focus di allenamento<\/strong> e ottieni chiare <strong data-start=\"737\" data-end=\"758\">forze\/debolezze<\/strong> pi\u00f9 <strong data-start=\"764\" data-end=\"791\">consigli di allenamento concreti<\/strong>. <\/p>\t\t\t\t\t\t\t\t<\/div>\n\t\t\t\t<\/div>\n\t\t\t\t\t<\/div>\n\t\t\t\t<\/div>\n\t\t<div class=\"elementor-element elementor-element-40a380c e-flex e-con-boxed e-con e-parent\" data-id=\"40a380c\" data-element_type=\"container\" data-e-type=\"container\">\n\t\t\t\t\t<div class=\"e-con-inner\">\n\t\t<div class=\"elementor-element elementor-element-b45ef1e e-con-full e-flex e-con e-child\" data-id=\"b45ef1e\" data-element_type=\"container\" data-e-type=\"container\">\n\t\t\t\t<div class=\"elementor-element elementor-element-748ad50 elementor-widget elementor-widget-heading\" data-id=\"748ad50\" data-element_type=\"widget\" data-e-type=\"widget\" data-widget_type=\"heading.default\">\n\t\t\t\t<div class=\"elementor-widget-container\">\n\t\t\t\t\t<h2 class=\"elementor-heading-title elementor-size-default\">1. Inserisci per buca \u2013 veloce, chiaro, coerente<\/h2>\t\t\t\t<\/div>\n\t\t\t\t<\/div>\n\t\t\t\t<div class=\"elementor-element elementor-element-2c7785d elementor-widget elementor-widget-text-editor\" data-id=\"2c7785d\" data-element_type=\"widget\" data-e-type=\"widget\" data-widget_type=\"text-editor.default\">\n\t\t\t\t<div class=\"elementor-widget-container\">\n\t\t\t\t\t\t\t\t\t<p>Per ogni buca, annota manualmente:<\/p><ul><li>Numero di putt (1 \/ 2 \/ 3 \u2026)<\/li><li>Distanza totale dei putt<\/li><li>Score (colpi sulla buca)<\/li><li>Colpi di penalit\u00e0<\/li><\/ul>\t\t\t\t\t\t\t\t<\/div>\n\t\t\t\t<\/div>\n\t\t\t\t<div class=\"elementor-element elementor-element-6684b85 elementor-widget elementor-widget-text-editor\" data-id=\"6684b85\" data-element_type=\"widget\" data-e-type=\"widget\" data-widget_type=\"text-editor.default\">\n\t\t\t\t<div class=\"elementor-widget-container\">\n\t\t\t\t\t\t\t\t\t<p>Nella Golf-18 Blank Edition in aggiunta:<\/p><ul><li>Lunghezza della buca (metri)<\/li><li>Par (3 \/ 4 \/ 5)<\/li><\/ul>\t\t\t\t\t\t\t\t<\/div>\n\t\t\t\t<\/div>\n\t\t\t\t<div class=\"elementor-element elementor-element-d09817b elementor-widget elementor-widget-text-editor\" data-id=\"d09817b\" data-element_type=\"widget\" data-e-type=\"widget\" data-widget_type=\"text-editor.default\">\n\t\t\t\t<div class=\"elementor-widget-container\">\n\t\t\t\t\t\t\t\t\t<p><strong>Nota:<\/strong> Inserisci i valori direttamente sul green o al pi\u00f9 tardi mentre ti dirigi al tee di partenza successivo. Ci vogliono meno di 30 secondi per buca. <\/p>\t\t\t\t\t\t\t\t<\/div>\n\t\t\t\t<\/div>\n\t\t\t\t<\/div>\n\t\t<div class=\"elementor-element elementor-element-845df9c e-con-full e-flex e-con e-child\" data-id=\"845df9c\" data-element_type=\"container\" data-e-type=\"container\">\n\t\t\t\t<div class=\"elementor-element elementor-element-5c63612 elementor-widget elementor-widget-image\" data-id=\"5c63612\" data-element_type=\"widget\" data-e-type=\"widget\" data-widget_type=\"image.default\">\n\t\t\t\t<div class=\"elementor-widget-container\">\n\t\t\t\t\t\t\t\t\t\t\t\t\t\t\t<img fetchpriority=\"high\" decoding=\"async\" width=\"800\" height=\"743\" src=\"https:\/\/playgolf18.com\/wp-content\/uploads\/2025\/11\/golf-18-scorecard-1-1024x951.jpg\" class=\"attachment-large size-large wp-image-606\" alt=\"\" srcset=\"https:\/\/playgolf18.com\/wp-content\/uploads\/2025\/11\/golf-18-scorecard-1-1024x951.jpg 1024w, https:\/\/playgolf18.com\/wp-content\/uploads\/2025\/11\/golf-18-scorecard-1-300x279.jpg 300w, https:\/\/playgolf18.com\/wp-content\/uploads\/2025\/11\/golf-18-scorecard-1-768x713.jpg 768w, https:\/\/playgolf18.com\/wp-content\/uploads\/2025\/11\/golf-18-scorecard-1-600x557.jpg 600w, https:\/\/playgolf18.com\/wp-content\/uploads\/2025\/11\/golf-18-scorecard-1.jpg 1400w\" sizes=\"(max-width: 800px) 100vw, 800px\" \/>\t\t\t\t\t\t\t\t\t\t\t\t\t\t\t<\/div>\n\t\t\t\t<\/div>\n\t\t\t\t<\/div>\n\t\t\t\t\t<\/div>\n\t\t\t\t<\/div>\n\t\t<div class=\"elementor-element elementor-element-28d148f e-flex e-con-boxed e-con e-parent\" data-id=\"28d148f\" data-element_type=\"container\" data-e-type=\"container\">\n\t\t\t\t\t<div class=\"e-con-inner\">\n\t\t\t\t<div class=\"elementor-element elementor-element-5119330 elementor-widget-divider--view-line_icon elementor-view-default elementor-widget-divider--element-align-center elementor-widget elementor-widget-divider\" data-id=\"5119330\" data-element_type=\"widget\" data-e-type=\"widget\" data-widget_type=\"divider.default\">\n\t\t\t\t<div class=\"elementor-widget-container\">\n\t\t\t\t\t\t\t<div class=\"elementor-divider\">\n\t\t\t<span class=\"elementor-divider-separator\">\n\t\t\t\t\t\t\t<div class=\"elementor-icon elementor-divider__element\">\n\t\t\t\t\t<svg aria-hidden=\"true\" class=\"e-font-icon-svg e-fas-golf-ball\" viewBox=\"0 0 416 512\" xmlns=\"http:\/\/www.w3.org\/2000\/svg\"><path d=\"M96 416h224c0 17.7-14.3 32-32 32h-16c-17.7 0-32 14.3-32 32v20c0 6.6-5.4 12-12 12h-40c-6.6 0-12-5.4-12-12v-20c0-17.7-14.3-32-32-32h-16c-17.7 0-32-14.3-32-32zm320-208c0 74.2-39 139.2-97.5 176h-221C39 347.2 0 282.2 0 208 0 93.1 93.1 0 208 0s208 93.1 208 208zm-180.1 43.9c18.3 0 33.1-14.8 33.1-33.1 0-14.4-9.3-26.3-22.1-30.9 9.6 26.8-15.6 51.3-41.9 41.9 4.6 12.8 16.5 22.1 30.9 22.1zm49.1 46.9c0-14.4-9.3-26.3-22.1-30.9 9.6 26.8-15.6 51.3-41.9 41.9 4.6 12.8 16.5 22.1 30.9 22.1 18.3 0 33.1-14.9 33.1-33.1zm64-64c0-14.4-9.3-26.3-22.1-30.9 9.6 26.8-15.6 51.3-41.9 41.9 4.6 12.8 16.5 22.1 30.9 22.1 18.3 0 33.1-14.9 33.1-33.1z\"><\/path><\/svg><\/div>\n\t\t\t\t\t\t<\/span>\n\t\t<\/div>\n\t\t\t\t\t\t<\/div>\n\t\t\t\t<\/div>\n\t\t\t\t\t<\/div>\n\t\t\t\t<\/div>\n\t\t<div class=\"elementor-element elementor-element-c67fec8 e-flex e-con-boxed e-con e-parent\" data-id=\"c67fec8\" data-element_type=\"container\" data-e-type=\"container\">\n\t\t\t\t\t<div class=\"e-con-inner\">\n\t\t<div class=\"elementor-element elementor-element-ef9b290 e-con-full e-flex e-con e-child\" data-id=\"ef9b290\" data-element_type=\"container\" data-e-type=\"container\">\n\t\t\t\t<div class=\"elementor-element elementor-element-6e01c70 elementor-widget elementor-widget-heading\" data-id=\"6e01c70\" data-element_type=\"widget\" data-e-type=\"widget\" data-widget_type=\"heading.default\">\n\t\t\t\t<div class=\"elementor-widget-container\">\n\t\t\t\t\t<h2 class=\"elementor-heading-title elementor-size-default\">2. Controllo visivo dei colpi \u2013 Fairway, Green, Sand Save, Scrambling<\/h2>\t\t\t\t<\/div>\n\t\t\t\t<\/div>\n\t\t\t\t<div class=\"elementor-element elementor-element-40d79a1 elementor-widget elementor-widget-text-editor\" data-id=\"40d79a1\" data-element_type=\"widget\" data-e-type=\"widget\" data-widget_type=\"text-editor.default\">\n\t\t\t\t<div class=\"elementor-widget-container\">\n\t\t\t\t\t\t\t\t\t<p>Sulla scorecard hai due illustrazioni:<\/p><p><strong>Green (GIR \u2013 Greens in Regulation)<\/strong><\/p><ul><li>Colpo GIR: metti un segno sul green se hai raggiunto il green in regulation (Par-3: 1 colpo, Par-4: 2, Par-5: 3).<\/li><li>Errore e tendenza: segna corto\/lungo\/sinistra\/destra analogamente al fairway.<\/li><li>Opzionale: segna la posizione del 1\u00b0 putt (ad es. ~6 m) per una migliore analisi del lag-putting.<\/li><\/ul>\t\t\t\t\t\t\t\t<\/div>\n\t\t\t\t<\/div>\n\t\t\t\t<div class=\"elementor-element elementor-element-9d8eaa3 elementor-widget elementor-widget-text-editor\" data-id=\"9d8eaa3\" data-element_type=\"widget\" data-e-type=\"widget\" data-widget_type=\"text-editor.default\">\n\t\t\t\t<div class=\"elementor-widget-container\">\n\t\t\t\t\t\t\t\t\t<p><strong>Fairway (FIR \u2013 Fairways in Regulation)<\/strong><\/p><ul><li>Segna il colpo: metti un segno sul fairway.<\/li><li>Visualizza l&#8217;errore: fai il segno a sinistra\/destra del fairway<\/li><li>Cos\u00ec vedi subito alla fine del round quanto bene hai colpito i fairway o dove li hai mancati.<\/li><\/ul>\t\t\t\t\t\t\t\t<\/div>\n\t\t\t\t<\/div>\n\t\t\t\t<div class=\"elementor-element elementor-element-6763fed elementor-widget elementor-widget-text-editor\" data-id=\"6763fed\" data-element_type=\"widget\" data-e-type=\"widget\" data-widget_type=\"text-editor.default\">\n\t\t\t\t<div class=\"elementor-widget-container\">\n\t\t\t\t\t\t\t\t\t<p><strong>Sandsave &amp; Scrambling<\/strong><\/p><ul><li>Ogni volta che hai mancato il green, puoi rappresentare visivamente la tua performance in Scrambling e Sandsaves.<\/li><\/ul>\t\t\t\t\t\t\t\t<\/div>\n\t\t\t\t<\/div>\n\t\t\t\t<div class=\"elementor-element elementor-element-663fe52 elementor-widget elementor-widget-text-editor\" data-id=\"663fe52\" data-element_type=\"widget\" data-e-type=\"widget\" data-widget_type=\"text-editor.default\">\n\t\t\t\t<div class=\"elementor-widget-container\">\n\t\t\t\t\t\t\t\t\t<p><strong data-start=\"2183\" data-end=\"2195\">Vantaggio:<\/strong> Dopo 9\/18 buche vedi <strong data-start=\"2224\" data-end=\"2234\">schemi<\/strong> (ad es. spesso &#8220;corto a destra&#8221; negli approcci).<br data-start=\"2281\" data-end=\"2284\">Questo rende <strong data-start=\"2296\" data-end=\"2324\">visibili le tendenze di errore<\/strong> \u2013 la migliore base per l&#8217;allenamento.<\/p>\t\t\t\t\t\t\t\t<\/div>\n\t\t\t\t<\/div>\n\t\t\t\t<\/div>\n\t\t<div class=\"elementor-element elementor-element-01c74ff e-con-full e-flex e-con e-child\" data-id=\"01c74ff\" data-element_type=\"container\" data-e-type=\"container\">\n\t\t\t\t<div class=\"elementor-element elementor-element-1464b4e elementor-widget elementor-widget-image\" data-id=\"1464b4e\" data-element_type=\"widget\" data-e-type=\"widget\" data-widget_type=\"image.default\">\n\t\t\t\t<div class=\"elementor-widget-container\">\n\t\t\t\t\t\t\t\t\t\t\t\t\t\t\t<img decoding=\"async\" width=\"800\" height=\"743\" src=\"https:\/\/playgolf18.com\/wp-content\/uploads\/2025\/11\/golf-18-scorecard-2-2-1024x951.jpg\" class=\"attachment-large size-large wp-image-609\" alt=\"\" srcset=\"https:\/\/playgolf18.com\/wp-content\/uploads\/2025\/11\/golf-18-scorecard-2-2-1024x951.jpg 1024w, https:\/\/playgolf18.com\/wp-content\/uploads\/2025\/11\/golf-18-scorecard-2-2-300x279.jpg 300w, https:\/\/playgolf18.com\/wp-content\/uploads\/2025\/11\/golf-18-scorecard-2-2-768x713.jpg 768w, https:\/\/playgolf18.com\/wp-content\/uploads\/2025\/11\/golf-18-scorecard-2-2-600x557.jpg 600w, https:\/\/playgolf18.com\/wp-content\/uploads\/2025\/11\/golf-18-scorecard-2-2.jpg 1400w\" sizes=\"(max-width: 800px) 100vw, 800px\" \/>\t\t\t\t\t\t\t\t\t\t\t\t\t\t\t<\/div>\n\t\t\t\t<\/div>\n\t\t\t\t<\/div>\n\t\t\t\t\t<\/div>\n\t\t\t\t<\/div>\n\t\t<div class=\"elementor-element elementor-element-dd91d90 e-flex e-con-boxed e-con e-parent\" data-id=\"dd91d90\" data-element_type=\"container\" data-e-type=\"container\">\n\t\t\t\t\t<div class=\"e-con-inner\">\n\t\t\t\t<div class=\"elementor-element elementor-element-2057a4c elementor-widget-divider--view-line_icon elementor-view-default elementor-widget-divider--element-align-center elementor-widget elementor-widget-divider\" data-id=\"2057a4c\" data-element_type=\"widget\" data-e-type=\"widget\" data-widget_type=\"divider.default\">\n\t\t\t\t<div class=\"elementor-widget-container\">\n\t\t\t\t\t\t\t<div class=\"elementor-divider\">\n\t\t\t<span class=\"elementor-divider-separator\">\n\t\t\t\t\t\t\t<div class=\"elementor-icon elementor-divider__element\">\n\t\t\t\t\t<svg aria-hidden=\"true\" class=\"e-font-icon-svg e-fas-golf-ball\" viewBox=\"0 0 416 512\" xmlns=\"http:\/\/www.w3.org\/2000\/svg\"><path d=\"M96 416h224c0 17.7-14.3 32-32 32h-16c-17.7 0-32 14.3-32 32v20c0 6.6-5.4 12-12 12h-40c-6.6 0-12-5.4-12-12v-20c0-17.7-14.3-32-32-32h-16c-17.7 0-32-14.3-32-32zm320-208c0 74.2-39 139.2-97.5 176h-221C39 347.2 0 282.2 0 208 0 93.1 93.1 0 208 0s208 93.1 208 208zm-180.1 43.9c18.3 0 33.1-14.8 33.1-33.1 0-14.4-9.3-26.3-22.1-30.9 9.6 26.8-15.6 51.3-41.9 41.9 4.6 12.8 16.5 22.1 30.9 22.1zm49.1 46.9c0-14.4-9.3-26.3-22.1-30.9 9.6 26.8-15.6 51.3-41.9 41.9 4.6 12.8 16.5 22.1 30.9 22.1 18.3 0 33.1-14.9 33.1-33.1zm64-64c0-14.4-9.3-26.3-22.1-30.9 9.6 26.8-15.6 51.3-41.9 41.9 4.6 12.8 16.5 22.1 30.9 22.1 18.3 0 33.1-14.9 33.1-33.1z\"><\/path><\/svg><\/div>\n\t\t\t\t\t\t<\/span>\n\t\t<\/div>\n\t\t\t\t\t\t<\/div>\n\t\t\t\t<\/div>\n\t\t\t\t\t<\/div>\n\t\t\t\t<\/div>\n\t\t<div class=\"elementor-element elementor-element-65ef5bc e-flex e-con-boxed e-con e-parent\" data-id=\"65ef5bc\" data-element_type=\"container\" data-e-type=\"container\">\n\t\t\t\t\t<div class=\"e-con-inner\">\n\t\t<div class=\"elementor-element elementor-element-982e8f7 e-con-full e-flex e-con e-child\" data-id=\"982e8f7\" data-element_type=\"container\" data-e-type=\"container\">\n\t\t\t\t<div class=\"elementor-element elementor-element-e3be843 elementor-widget elementor-widget-heading\" data-id=\"e3be843\" data-element_type=\"widget\" data-e-type=\"widget\" data-widget_type=\"heading.default\">\n\t\t\t\t<div class=\"elementor-widget-container\">\n\t\t\t\t\t<h2 class=\"elementor-heading-title elementor-size-default\">3. Dopo il round: forma i totali<\/h2>\t\t\t\t<\/div>\n\t\t\t\t<\/div>\n\t\t\t\t<div class=\"elementor-element elementor-element-099f3f1 elementor-widget elementor-widget-text-editor\" data-id=\"099f3f1\" data-element_type=\"widget\" data-e-type=\"widget\" data-widget_type=\"text-editor.default\">\n\t\t\t\t<div class=\"elementor-widget-container\">\n\t\t\t\t\t\t\t\t\t<p><strong>Alla fine del round, somma semplicemente:<\/strong><\/p><ul><li>FIR % = (Numero di fairway colpiti) \u00f7 (Numero di tee di partenza Par-4\/5) \u00d7 100<\/li><li>GIR % = (Numero di green in regulation) \u00f7 18 \u00d7 100<\/li><li>Putt\/Round = Somma di tutti i putt<\/li><li>Scrambling % = (Numero di &#8220;S\u00ec&#8221; in Scrambling) \u00f7 (Numero di buche GIR mancate) \u00d7 100<\/li><li>Sandsave % = (Numero di &#8220;S\u00ec&#8221; in Sandsave) \u00f7 (Numero di possibilit\u00e0 di bunker) \u00d7 100<\/li><li>Score = Colpi totali<\/li><li>Lunghezza del ferro 7 (opzionale) = misurare dall&#8217;allenamento\/range (media)<\/li><\/ul>\t\t\t\t\t\t\t\t<\/div>\n\t\t\t\t<\/div>\n\t\t\t\t<div class=\"elementor-element elementor-element-3e8610a elementor-widget elementor-widget-text-editor\" data-id=\"3e8610a\" data-element_type=\"widget\" data-e-type=\"widget\" data-widget_type=\"text-editor.default\">\n\t\t\t\t<div class=\"elementor-widget-container\">\n\t\t\t\t\t\t\t\t\t<p><strong data-start=\"2909\" data-end=\"2918\">Suggerimento:<\/strong> Inserisci anche il tuo <strong data-start=\"2942\" data-end=\"2961\">gruppo di handicap<\/strong> (ad es. 13\u201320 o 31\u201345) in modo che il calcolatore ti confronti con <strong data-start=\"3030\" data-end=\"3044\">benchmark<\/strong> appropriati.<\/p>\t\t\t\t\t\t\t\t<\/div>\n\t\t\t\t<\/div>\n\t\t\t\t<div class=\"elementor-element elementor-element-dee3b06 elementor-widget elementor-widget-eael-creative-button\" data-id=\"dee3b06\" data-element_type=\"widget\" data-e-type=\"widget\" data-widget_type=\"eael-creative-button.default\">\n\t\t\t\t<div class=\"elementor-widget-container\">\n\t\t\t\t\t        <div class=\"eael-creative-button-wrapper\">\n\n            <a class=\"eael-creative-button eael-creative-button--wayra eael-cb-icon-position-right\" href=\"https:\/\/playgolf18.com\/rechner\/\" data-text=\"Vai!\">\n            \t    \n                <div class=\"creative-button-inner\">\n\n                    \n                    <span class=\"cretive-button-text\">Al calcolatore di allenamento<\/span>\n\n                                            <span class=\"eael-creative-button-icon-right\"><svg aria-hidden=\"true\" class=\"e-font-icon-svg e-fas-calculator\" viewBox=\"0 0 448 512\" xmlns=\"http:\/\/www.w3.org\/2000\/svg\"><path d=\"M400 0H48C22.4 0 0 22.4 0 48v416c0 25.6 22.4 48 48 48h352c25.6 0 48-22.4 48-48V48c0-25.6-22.4-48-48-48zM128 435.2c0 6.4-6.4 12.8-12.8 12.8H76.8c-6.4 0-12.8-6.4-12.8-12.8v-38.4c0-6.4 6.4-12.8 12.8-12.8h38.4c6.4 0 12.8 6.4 12.8 12.8v38.4zm0-128c0 6.4-6.4 12.8-12.8 12.8H76.8c-6.4 0-12.8-6.4-12.8-12.8v-38.4c0-6.4 6.4-12.8 12.8-12.8h38.4c6.4 0 12.8 6.4 12.8 12.8v38.4zm128 128c0 6.4-6.4 12.8-12.8 12.8h-38.4c-6.4 0-12.8-6.4-12.8-12.8v-38.4c0-6.4 6.4-12.8 12.8-12.8h38.4c6.4 0 12.8 6.4 12.8 12.8v38.4zm0-128c0 6.4-6.4 12.8-12.8 12.8h-38.4c-6.4 0-12.8-6.4-12.8-12.8v-38.4c0-6.4 6.4-12.8 12.8-12.8h38.4c6.4 0 12.8 6.4 12.8 12.8v38.4zm128 128c0 6.4-6.4 12.8-12.8 12.8h-38.4c-6.4 0-12.8-6.4-12.8-12.8V268.8c0-6.4 6.4-12.8 12.8-12.8h38.4c6.4 0 12.8 6.4 12.8 12.8v166.4zm0-256c0 6.4-6.4 12.8-12.8 12.8H76.8c-6.4 0-12.8-6.4-12.8-12.8V76.8C64 70.4 70.4 64 76.8 64h294.4c6.4 0 12.8 6.4 12.8 12.8v102.4z\"><\/path><\/svg><\/span>                                    <\/div>\n\t                        <\/a>\n        <\/div>\n        \t\t\t\t<\/div>\n\t\t\t\t<\/div>\n\t\t\t\t<\/div>\n\t\t<div class=\"elementor-element elementor-element-c678d9e e-con-full e-flex e-con e-child\" data-id=\"c678d9e\" data-element_type=\"container\" data-e-type=\"container\">\n\t\t\t\t<div class=\"elementor-element elementor-element-ecfe1a2 elementor-widget elementor-widget-image\" data-id=\"ecfe1a2\" data-element_type=\"widget\" data-e-type=\"widget\" data-widget_type=\"image.default\">\n\t\t\t\t<div class=\"elementor-widget-container\">\n\t\t\t\t\t\t\t\t\t\t\t\t\t\t\t<img decoding=\"async\" width=\"800\" height=\"729\" src=\"https:\/\/playgolf18.com\/wp-content\/uploads\/2025\/10\/rechner-mockup-1024x933.jpg\" class=\"attachment-large size-large wp-image-610\" alt=\"\" srcset=\"https:\/\/playgolf18.com\/wp-content\/uploads\/2025\/10\/rechner-mockup-1024x933.jpg 1024w, https:\/\/playgolf18.com\/wp-content\/uploads\/2025\/10\/rechner-mockup-300x273.jpg 300w, https:\/\/playgolf18.com\/wp-content\/uploads\/2025\/10\/rechner-mockup-768x700.jpg 768w, https:\/\/playgolf18.com\/wp-content\/uploads\/2025\/10\/rechner-mockup-600x547.jpg 600w, https:\/\/playgolf18.com\/wp-content\/uploads\/2025\/10\/rechner-mockup.jpg 1200w\" sizes=\"(max-width: 800px) 100vw, 800px\" \/>\t\t\t\t\t\t\t\t\t\t\t\t\t\t\t<\/div>\n\t\t\t\t<\/div>\n\t\t\t\t<\/div>\n\t\t\t\t\t<\/div>\n\t\t\t\t<\/div>\n\t\t<div class=\"elementor-element elementor-element-3a683de e-flex e-con-boxed e-con e-parent\" data-id=\"3a683de\" data-element_type=\"container\" data-e-type=\"container\">\n\t\t\t\t\t<div class=\"e-con-inner\">\n\t\t\t\t<div class=\"elementor-element elementor-element-1da190e elementor-widget-divider--view-line_icon elementor-view-default elementor-widget-divider--element-align-center elementor-widget elementor-widget-divider\" data-id=\"1da190e\" data-element_type=\"widget\" data-e-type=\"widget\" data-widget_type=\"divider.default\">\n\t\t\t\t<div class=\"elementor-widget-container\">\n\t\t\t\t\t\t\t<div class=\"elementor-divider\">\n\t\t\t<span class=\"elementor-divider-separator\">\n\t\t\t\t\t\t\t<div class=\"elementor-icon elementor-divider__element\">\n\t\t\t\t\t<svg aria-hidden=\"true\" class=\"e-font-icon-svg e-fas-golf-ball\" viewBox=\"0 0 416 512\" xmlns=\"http:\/\/www.w3.org\/2000\/svg\"><path d=\"M96 416h224c0 17.7-14.3 32-32 32h-16c-17.7 0-32 14.3-32 32v20c0 6.6-5.4 12-12 12h-40c-6.6 0-12-5.4-12-12v-20c0-17.7-14.3-32-32-32h-16c-17.7 0-32-14.3-32-32zm320-208c0 74.2-39 139.2-97.5 176h-221C39 347.2 0 282.2 0 208 0 93.1 93.1 0 208 0s208 93.1 208 208zm-180.1 43.9c18.3 0 33.1-14.8 33.1-33.1 0-14.4-9.3-26.3-22.1-30.9 9.6 26.8-15.6 51.3-41.9 41.9 4.6 12.8 16.5 22.1 30.9 22.1zm49.1 46.9c0-14.4-9.3-26.3-22.1-30.9 9.6 26.8-15.6 51.3-41.9 41.9 4.6 12.8 16.5 22.1 30.9 22.1 18.3 0 33.1-14.9 33.1-33.1zm64-64c0-14.4-9.3-26.3-22.1-30.9 9.6 26.8-15.6 51.3-41.9 41.9 4.6 12.8 16.5 22.1 30.9 22.1 18.3 0 33.1-14.9 33.1-33.1z\"><\/path><\/svg><\/div>\n\t\t\t\t\t\t<\/span>\n\t\t<\/div>\n\t\t\t\t\t\t<\/div>\n\t\t\t\t<\/div>\n\t\t\t\t\t<\/div>\n\t\t\t\t<\/div>\n\t\t<div class=\"elementor-element elementor-element-59f2d2d e-flex e-con-boxed e-con e-parent\" data-id=\"59f2d2d\" data-element_type=\"container\" data-e-type=\"container\">\n\t\t\t\t\t<div class=\"e-con-inner\">\n\t\t<div class=\"elementor-element elementor-element-36865dc e-con-full e-flex e-con e-child\" data-id=\"36865dc\" data-element_type=\"container\" data-e-type=\"container\">\n\t\t\t\t<div class=\"elementor-element elementor-element-6a7e940 elementor-widget elementor-widget-heading\" data-id=\"6a7e940\" data-element_type=\"widget\" data-e-type=\"widget\" data-widget_type=\"heading.default\">\n\t\t\t\t<div class=\"elementor-widget-container\">\n\t\t\t\t\t<h2 class=\"elementor-heading-title elementor-size-default\">FAQ <\/h2>\t\t\t\t<\/div>\n\t\t\t\t<\/div>\n\t\t\t\t<div class=\"elementor-element elementor-element-91e5d99 elementor-widget elementor-widget-text-editor\" data-id=\"91e5d99\" data-element_type=\"widget\" data-e-type=\"widget\" data-widget_type=\"text-editor.default\">\n\t\t\t\t<div class=\"elementor-widget-container\">\n\t\t\t\t\t\t\t\t\t<p><strong>Le buche Par-3 contano per il FIR?<\/strong><br>No, il FIR si applica solo ai tee di partenza su Par-4\/5.<\/p><p><strong>Cosa si intende per Scrambling?<\/strong><br>Par (o meglio) nonostante il GIR mancato \u2013 non importa come (Chip\/Pitch\/Up-&amp;-Down).<\/p><p><strong>Come misuro la lunghezza del 1\u00b0 putt?<\/strong><br>Stima a passi di 1 m (ad es. 4 m, 6 m). Si tratta di tendenze di lag-putting, non di centimetri. <\/p><p><strong>Posso valutare anche senza colpi da bunker?<\/strong><br>S\u00ec, quindi Sandsave % rimane vuoto per questo round o 0 possibilit\u00e0.<\/p><p><strong>Perch\u00e9 il sistema funziona<\/strong><\/p><ul><li>Obiettivo e analogico: registri fatti concreti \u2013 senza distrazioni dall&#8217;app.<\/li><li>Schemi invece di singoli momenti: 18 round mostrano tendenze, non valori anomali.<\/li><li>Dal campo all&#8217;allenamento: valori \u2192 calcolatore \u2192 esercizi \u2192 handicap migliore.<\/li><\/ul>\t\t\t\t\t\t\t\t<\/div>\n\t\t\t\t<\/div>\n\t\t\t\t<\/div>\n\t\t\t\t\t<\/div>\n\t\t\t\t<\/div>\n\t\t\t\t<\/div>\n\t\t","protected":false},"excerpt":{"rendered":"<p>Come funziona la Golf Performance Scorecard Comprendi il tuo gioco. Migliora il tuo allenamento.Con la Golf Performance Scorecard puoi registrare ogni round in modo strutturato \u2013 buco per buco \u2013 e vedere a colpo d&#8217;occhio dove stai perdendo colpi. Alla fine, inserisci i tuoi totali nel calcolatore del focus di allenamento e ottieni chiare forze\/debolezze [&hellip;]<\/p>\n","protected":false},"author":2,"featured_media":0,"parent":0,"menu_order":0,"comment_status":"closed","ping_status":"closed","template":"","meta":{"footnotes":""},"class_list":["post-603","page","type-page","status-publish","hentry"],"_links":{"self":[{"href":"https:\/\/playgolf18.com\/it\/wp-json\/wp\/v2\/pages\/603","targetHints":{"allow":["GET"]}}],"collection":[{"href":"https:\/\/playgolf18.com\/it\/wp-json\/wp\/v2\/pages"}],"about":[{"href":"https:\/\/playgolf18.com\/it\/wp-json\/wp\/v2\/types\/page"}],"author":[{"embeddable":true,"href":"https:\/\/playgolf18.com\/it\/wp-json\/wp\/v2\/users\/2"}],"replies":[{"embeddable":true,"href":"https:\/\/playgolf18.com\/it\/wp-json\/wp\/v2\/comments?post=603"}],"version-history":[{"count":1,"href":"https:\/\/playgolf18.com\/it\/wp-json\/wp\/v2\/pages\/603\/revisions"}],"predecessor-version":[{"id":611,"href":"https:\/\/playgolf18.com\/it\/wp-json\/wp\/v2\/pages\/603\/revisions\/611"}],"wp:attachment":[{"href":"https:\/\/playgolf18.com\/it\/wp-json\/wp\/v2\/media?parent=603"}],"curies":[{"name":"wp","href":"https:\/\/api.w.org\/{rel}","templated":true}]}}