{"id":559,"date":"2025-10-18T10:15:28","date_gmt":"2025-10-18T10:15:28","guid":{"rendered":"https:\/\/playgolf18.com\/fonctionnalite\/"},"modified":"2025-11-20T13:47:28","modified_gmt":"2025-11-20T13:47:28","slug":"fonctionnalite","status":"publish","type":"page","link":"https:\/\/playgolf18.com\/fr\/fonctionnalite\/","title":{"rendered":"Fonctionnalit\u00e9"},"content":{"rendered":"\t\t<div data-elementor-type=\"wp-page\" data-elementor-id=\"559\" class=\"elementor elementor-559 elementor-289\" data-elementor-post-type=\"page\">\n\t\t\t\t<div class=\"elementor-element elementor-element-c221b64 e-flex e-con-boxed e-con e-parent\" data-id=\"c221b64\" data-element_type=\"container\" data-e-type=\"container\">\n\t\t\t\t\t<div class=\"e-con-inner\">\n\t\t\t\t<div class=\"elementor-element elementor-element-c777c74 elementor-widget elementor-widget-heading\" data-id=\"c777c74\" data-element_type=\"widget\" data-e-type=\"widget\" data-widget_type=\"heading.default\">\n\t\t\t\t<div class=\"elementor-widget-container\">\n\t\t\t\t\t<h1 class=\"elementor-heading-title elementor-size-default\">Comment fonctionne la Golf Performance Scorecard<\/h1>\t\t\t\t<\/div>\n\t\t\t\t<\/div>\n\t\t\t\t<div class=\"elementor-element elementor-element-e08369c elementor-widget elementor-widget-text-editor\" data-id=\"e08369c\" data-element_type=\"widget\" data-e-type=\"widget\" data-widget_type=\"text-editor.default\">\n\t\t\t\t<div class=\"elementor-widget-container\">\n\t\t\t\t\t\t\t\t\t<p><strong data-start=\"444\" data-end=\"494\">Comprenez votre jeu. Am\u00e9liorez votre entra\u00eenement.<\/strong><br data-start=\"494\" data-end=\"497\">Avec la Golf Performance Scorecard, vous enregistrez chaque tour de mani\u00e8re structur\u00e9e \u2013 <strong data-start=\"569\" data-end=\"586\">trou par trou<\/strong> \u2013 et vous voyez en un coup d&rsquo;\u0153il <strong data-start=\"617\" data-end=\"647\">o\u00f9 vous perdez des coups<\/strong>. \u00c0 la fin, vous entrez vos totaux dans le <strong data-start=\"687\" data-end=\"713\">calculateur de focus d&rsquo;entra\u00eenement<\/strong> et vous obtenez des <strong data-start=\"737\" data-end=\"758\">forces\/faiblesses<\/strong> claires ainsi que des <strong data-start=\"764\" data-end=\"791\">conseils d&rsquo;entra\u00eenement concrets<\/strong>. <\/p>\t\t\t\t\t\t\t\t<\/div>\n\t\t\t\t<\/div>\n\t\t\t\t\t<\/div>\n\t\t\t\t<\/div>\n\t\t<div class=\"elementor-element elementor-element-40a380c e-flex e-con-boxed e-con e-parent\" data-id=\"40a380c\" data-element_type=\"container\" data-e-type=\"container\">\n\t\t\t\t\t<div class=\"e-con-inner\">\n\t\t<div class=\"elementor-element elementor-element-b45ef1e e-con-full e-flex e-con e-child\" data-id=\"b45ef1e\" data-element_type=\"container\" data-e-type=\"container\">\n\t\t\t\t<div class=\"elementor-element elementor-element-748ad50 elementor-widget elementor-widget-heading\" data-id=\"748ad50\" data-element_type=\"widget\" data-e-type=\"widget\" data-widget_type=\"heading.default\">\n\t\t\t\t<div class=\"elementor-widget-container\">\n\t\t\t\t\t<h2 class=\"elementor-heading-title elementor-size-default\">1. Entrer les donn\u00e9es par trou \u2013 rapidement, clairement, de mani\u00e8re coh\u00e9rente<\/h2>\t\t\t\t<\/div>\n\t\t\t\t<\/div>\n\t\t\t\t<div class=\"elementor-element elementor-element-2c7785d elementor-widget elementor-widget-text-editor\" data-id=\"2c7785d\" data-element_type=\"widget\" data-e-type=\"widget\" data-widget_type=\"text-editor.default\">\n\t\t\t\t<div class=\"elementor-widget-container\">\n\t\t\t\t\t\t\t\t\t<p>Pour chaque trou, vous notez manuellement :<\/p><ul><li>Nombre de putts (1 \/ 2 \/ 3 \u2026)<\/li><li>Distance totale des putts<\/li><li>Score (coups sur le trou)<\/li><li>Coups de p\u00e9nalit\u00e9<\/li><\/ul>\t\t\t\t\t\t\t\t<\/div>\n\t\t\t\t<\/div>\n\t\t\t\t<div class=\"elementor-element elementor-element-6684b85 elementor-widget elementor-widget-text-editor\" data-id=\"6684b85\" data-element_type=\"widget\" data-e-type=\"widget\" data-widget_type=\"text-editor.default\">\n\t\t\t\t<div class=\"elementor-widget-container\">\n\t\t\t\t\t\t\t\t\t<p>Dans la Golf-18 Blank Edition, en plus :<\/p><ul><li>Longueur du trou (m\u00e8tres)<\/li><li>Par (3 \/ 4 \/ 5)<\/li><\/ul>\t\t\t\t\t\t\t\t<\/div>\n\t\t\t\t<\/div>\n\t\t\t\t<div class=\"elementor-element elementor-element-d09817b elementor-widget elementor-widget-text-editor\" data-id=\"d09817b\" data-element_type=\"widget\" data-e-type=\"widget\" data-widget_type=\"text-editor.default\">\n\t\t\t\t<div class=\"elementor-widget-container\">\n\t\t\t\t\t\t\t\t\t<p><strong>Remarque :<\/strong> Entrez les valeurs directement sur le green ou au plus tard en vous rendant au prochain d\u00e9part. Cela prend moins de 30 secondes par trou. <\/p>\t\t\t\t\t\t\t\t<\/div>\n\t\t\t\t<\/div>\n\t\t\t\t<\/div>\n\t\t<div class=\"elementor-element elementor-element-845df9c e-con-full e-flex e-con e-child\" data-id=\"845df9c\" data-element_type=\"container\" data-e-type=\"container\">\n\t\t\t\t<div class=\"elementor-element elementor-element-5c63612 elementor-widget elementor-widget-image\" data-id=\"5c63612\" data-element_type=\"widget\" data-e-type=\"widget\" data-widget_type=\"image.default\">\n\t\t\t\t<div class=\"elementor-widget-container\">\n\t\t\t\t\t\t\t\t\t\t\t\t\t\t\t<img fetchpriority=\"high\" decoding=\"async\" width=\"800\" height=\"743\" src=\"https:\/\/playgolf18.com\/wp-content\/uploads\/2025\/11\/golf-18-scorecard-1-1024x951.jpg\" class=\"attachment-large size-large wp-image-562\" alt=\"\" srcset=\"https:\/\/playgolf18.com\/wp-content\/uploads\/2025\/11\/golf-18-scorecard-1-1024x951.jpg 1024w, https:\/\/playgolf18.com\/wp-content\/uploads\/2025\/11\/golf-18-scorecard-1-300x279.jpg 300w, https:\/\/playgolf18.com\/wp-content\/uploads\/2025\/11\/golf-18-scorecard-1-768x713.jpg 768w, https:\/\/playgolf18.com\/wp-content\/uploads\/2025\/11\/golf-18-scorecard-1-600x557.jpg 600w, https:\/\/playgolf18.com\/wp-content\/uploads\/2025\/11\/golf-18-scorecard-1.jpg 1400w\" sizes=\"(max-width: 800px) 100vw, 800px\" \/>\t\t\t\t\t\t\t\t\t\t\t\t\t\t\t<\/div>\n\t\t\t\t<\/div>\n\t\t\t\t<\/div>\n\t\t\t\t\t<\/div>\n\t\t\t\t<\/div>\n\t\t<div class=\"elementor-element elementor-element-28d148f e-flex e-con-boxed e-con e-parent\" data-id=\"28d148f\" data-element_type=\"container\" data-e-type=\"container\">\n\t\t\t\t\t<div class=\"e-con-inner\">\n\t\t\t\t<div class=\"elementor-element elementor-element-5119330 elementor-widget-divider--view-line_icon elementor-view-default elementor-widget-divider--element-align-center elementor-widget elementor-widget-divider\" data-id=\"5119330\" data-element_type=\"widget\" data-e-type=\"widget\" data-widget_type=\"divider.default\">\n\t\t\t\t<div class=\"elementor-widget-container\">\n\t\t\t\t\t\t\t<div class=\"elementor-divider\">\n\t\t\t<span class=\"elementor-divider-separator\">\n\t\t\t\t\t\t\t<div class=\"elementor-icon elementor-divider__element\">\n\t\t\t\t\t<svg aria-hidden=\"true\" class=\"e-font-icon-svg e-fas-golf-ball\" viewBox=\"0 0 416 512\" xmlns=\"http:\/\/www.w3.org\/2000\/svg\"><path d=\"M96 416h224c0 17.7-14.3 32-32 32h-16c-17.7 0-32 14.3-32 32v20c0 6.6-5.4 12-12 12h-40c-6.6 0-12-5.4-12-12v-20c0-17.7-14.3-32-32-32h-16c-17.7 0-32-14.3-32-32zm320-208c0 74.2-39 139.2-97.5 176h-221C39 347.2 0 282.2 0 208 0 93.1 93.1 0 208 0s208 93.1 208 208zm-180.1 43.9c18.3 0 33.1-14.8 33.1-33.1 0-14.4-9.3-26.3-22.1-30.9 9.6 26.8-15.6 51.3-41.9 41.9 4.6 12.8 16.5 22.1 30.9 22.1zm49.1 46.9c0-14.4-9.3-26.3-22.1-30.9 9.6 26.8-15.6 51.3-41.9 41.9 4.6 12.8 16.5 22.1 30.9 22.1 18.3 0 33.1-14.9 33.1-33.1zm64-64c0-14.4-9.3-26.3-22.1-30.9 9.6 26.8-15.6 51.3-41.9 41.9 4.6 12.8 16.5 22.1 30.9 22.1 18.3 0 33.1-14.9 33.1-33.1z\"><\/path><\/svg><\/div>\n\t\t\t\t\t\t<\/span>\n\t\t<\/div>\n\t\t\t\t\t\t<\/div>\n\t\t\t\t<\/div>\n\t\t\t\t\t<\/div>\n\t\t\t\t<\/div>\n\t\t<div class=\"elementor-element elementor-element-c67fec8 e-flex e-con-boxed e-con e-parent\" data-id=\"c67fec8\" data-element_type=\"container\" data-e-type=\"container\">\n\t\t\t\t\t<div class=\"e-con-inner\">\n\t\t<div class=\"elementor-element elementor-element-ef9b290 e-con-full e-flex e-con e-child\" data-id=\"ef9b290\" data-element_type=\"container\" data-e-type=\"container\">\n\t\t\t\t<div class=\"elementor-element elementor-element-6e01c70 elementor-widget elementor-widget-heading\" data-id=\"6e01c70\" data-element_type=\"widget\" data-e-type=\"widget\" data-widget_type=\"heading.default\">\n\t\t\t\t<div class=\"elementor-widget-container\">\n\t\t\t\t\t<h2 class=\"elementor-heading-title elementor-size-default\">2. Contr\u00f4le visuel des coups \u2013 Fairway, Green, Sand Save, Scrambling<\/h2>\t\t\t\t<\/div>\n\t\t\t\t<\/div>\n\t\t\t\t<div class=\"elementor-element elementor-element-40d79a1 elementor-widget elementor-widget-text-editor\" data-id=\"40d79a1\" data-element_type=\"widget\" data-e-type=\"widget\" data-widget_type=\"text-editor.default\">\n\t\t\t\t<div class=\"elementor-widget-container\">\n\t\t\t\t\t\t\t\t\t<p>Sur la scorecard, vous avez deux illustrations :<\/p><p><strong>Green (GIR \u2013 Greens in Regulation)<\/strong><\/p><ul><li>Coup GIR r\u00e9ussi : Placez un rep\u00e8re sur le green si vous atteignez le green en r\u00e9gulation (Par-3 : 1 coup, Par-4 : 2, Par-5 : 3).<\/li><li>Manque &amp; Tendance : Marquez court\/long\/gauche\/droite de mani\u00e8re analogue au fairway.<\/li><li>Facultatif : Marquez la position du 1er putt (par exemple, ~6 m) pour une meilleure analyse du lag-putting.<\/li><\/ul>\t\t\t\t\t\t\t\t<\/div>\n\t\t\t\t<\/div>\n\t\t\t\t<div class=\"elementor-element elementor-element-9d8eaa3 elementor-widget elementor-widget-text-editor\" data-id=\"9d8eaa3\" data-element_type=\"widget\" data-e-type=\"widget\" data-widget_type=\"text-editor.default\">\n\t\t\t\t<div class=\"elementor-widget-container\">\n\t\t\t\t\t\t\t\t\t<p><strong>Fairway (FIR \u2013 Fairways in Regulation)<\/strong><\/p><ul><li>Marquer le coup r\u00e9ussi : Placez un rep\u00e8re sur le fairway.<\/li><li>Visualiser le manque : Faites le marquage \u00e0 gauche\/\u00e0 droite du fairway<\/li><li>Ainsi, \u00e0 la fin du tour, vous voyez imm\u00e9diatement si vous avez bien touch\u00e9 les fairways ou o\u00f9 vous les avez manqu\u00e9s.<\/li><\/ul>\t\t\t\t\t\t\t\t<\/div>\n\t\t\t\t<\/div>\n\t\t\t\t<div class=\"elementor-element elementor-element-6763fed elementor-widget elementor-widget-text-editor\" data-id=\"6763fed\" data-element_type=\"widget\" data-e-type=\"widget\" data-widget_type=\"text-editor.default\">\n\t\t\t\t<div class=\"elementor-widget-container\">\n\t\t\t\t\t\t\t\t\t<p><strong>Sandsave &amp; Scrambling<\/strong><\/p><ul><li>Chaque fois que vous manquez le green, vous pouvez repr\u00e9senter visuellement votre performance en mati\u00e8re de Scrambling et de Sandsaves.<\/li><\/ul>\t\t\t\t\t\t\t\t<\/div>\n\t\t\t\t<\/div>\n\t\t\t\t<div class=\"elementor-element elementor-element-663fe52 elementor-widget elementor-widget-text-editor\" data-id=\"663fe52\" data-element_type=\"widget\" data-e-type=\"widget\" data-widget_type=\"text-editor.default\">\n\t\t\t\t<div class=\"elementor-widget-container\">\n\t\t\t\t\t\t\t\t\t<p><strong data-start=\"2183\" data-end=\"2195\">Avantage :<\/strong> Apr\u00e8s 9\/18 trous, vous voyez des <strong data-start=\"2224\" data-end=\"2234\">sch\u00e9mas<\/strong> (par exemple, souvent \u00ab court \u00e0 droite \u00bb lors des approches).<br data-start=\"2281\" data-end=\"2284\">Cela rend les <strong data-start=\"2296\" data-end=\"2324\">tendances d&rsquo;erreur visibles<\/strong> \u2013 la meilleure base pour l&rsquo;entra\u00eenement.<\/p>\t\t\t\t\t\t\t\t<\/div>\n\t\t\t\t<\/div>\n\t\t\t\t<\/div>\n\t\t<div class=\"elementor-element elementor-element-01c74ff e-con-full e-flex e-con e-child\" data-id=\"01c74ff\" data-element_type=\"container\" data-e-type=\"container\">\n\t\t\t\t<div class=\"elementor-element elementor-element-1464b4e elementor-widget elementor-widget-image\" data-id=\"1464b4e\" data-element_type=\"widget\" data-e-type=\"widget\" data-widget_type=\"image.default\">\n\t\t\t\t<div class=\"elementor-widget-container\">\n\t\t\t\t\t\t\t\t\t\t\t\t\t\t\t<img decoding=\"async\" width=\"800\" height=\"743\" src=\"https:\/\/playgolf18.com\/wp-content\/uploads\/2025\/11\/golf-18-scorecard-2-2-1024x951.jpg\" class=\"attachment-large size-large wp-image-565\" alt=\"\" srcset=\"https:\/\/playgolf18.com\/wp-content\/uploads\/2025\/11\/golf-18-scorecard-2-2-1024x951.jpg 1024w, https:\/\/playgolf18.com\/wp-content\/uploads\/2025\/11\/golf-18-scorecard-2-2-300x279.jpg 300w, https:\/\/playgolf18.com\/wp-content\/uploads\/2025\/11\/golf-18-scorecard-2-2-768x713.jpg 768w, https:\/\/playgolf18.com\/wp-content\/uploads\/2025\/11\/golf-18-scorecard-2-2-600x557.jpg 600w, https:\/\/playgolf18.com\/wp-content\/uploads\/2025\/11\/golf-18-scorecard-2-2.jpg 1400w\" sizes=\"(max-width: 800px) 100vw, 800px\" \/>\t\t\t\t\t\t\t\t\t\t\t\t\t\t\t<\/div>\n\t\t\t\t<\/div>\n\t\t\t\t<\/div>\n\t\t\t\t\t<\/div>\n\t\t\t\t<\/div>\n\t\t<div class=\"elementor-element elementor-element-dd91d90 e-flex e-con-boxed e-con e-parent\" data-id=\"dd91d90\" data-element_type=\"container\" data-e-type=\"container\">\n\t\t\t\t\t<div class=\"e-con-inner\">\n\t\t\t\t<div class=\"elementor-element elementor-element-2057a4c elementor-widget-divider--view-line_icon elementor-view-default elementor-widget-divider--element-align-center elementor-widget elementor-widget-divider\" data-id=\"2057a4c\" data-element_type=\"widget\" data-e-type=\"widget\" data-widget_type=\"divider.default\">\n\t\t\t\t<div class=\"elementor-widget-container\">\n\t\t\t\t\t\t\t<div class=\"elementor-divider\">\n\t\t\t<span class=\"elementor-divider-separator\">\n\t\t\t\t\t\t\t<div class=\"elementor-icon elementor-divider__element\">\n\t\t\t\t\t<svg aria-hidden=\"true\" class=\"e-font-icon-svg e-fas-golf-ball\" viewBox=\"0 0 416 512\" xmlns=\"http:\/\/www.w3.org\/2000\/svg\"><path d=\"M96 416h224c0 17.7-14.3 32-32 32h-16c-17.7 0-32 14.3-32 32v20c0 6.6-5.4 12-12 12h-40c-6.6 0-12-5.4-12-12v-20c0-17.7-14.3-32-32-32h-16c-17.7 0-32-14.3-32-32zm320-208c0 74.2-39 139.2-97.5 176h-221C39 347.2 0 282.2 0 208 0 93.1 93.1 0 208 0s208 93.1 208 208zm-180.1 43.9c18.3 0 33.1-14.8 33.1-33.1 0-14.4-9.3-26.3-22.1-30.9 9.6 26.8-15.6 51.3-41.9 41.9 4.6 12.8 16.5 22.1 30.9 22.1zm49.1 46.9c0-14.4-9.3-26.3-22.1-30.9 9.6 26.8-15.6 51.3-41.9 41.9 4.6 12.8 16.5 22.1 30.9 22.1 18.3 0 33.1-14.9 33.1-33.1zm64-64c0-14.4-9.3-26.3-22.1-30.9 9.6 26.8-15.6 51.3-41.9 41.9 4.6 12.8 16.5 22.1 30.9 22.1 18.3 0 33.1-14.9 33.1-33.1z\"><\/path><\/svg><\/div>\n\t\t\t\t\t\t<\/span>\n\t\t<\/div>\n\t\t\t\t\t\t<\/div>\n\t\t\t\t<\/div>\n\t\t\t\t\t<\/div>\n\t\t\t\t<\/div>\n\t\t<div class=\"elementor-element elementor-element-65ef5bc e-flex e-con-boxed e-con e-parent\" data-id=\"65ef5bc\" data-element_type=\"container\" data-e-type=\"container\">\n\t\t\t\t\t<div class=\"e-con-inner\">\n\t\t<div class=\"elementor-element elementor-element-982e8f7 e-con-full e-flex e-con e-child\" data-id=\"982e8f7\" data-element_type=\"container\" data-e-type=\"container\">\n\t\t\t\t<div class=\"elementor-element elementor-element-e3be843 elementor-widget elementor-widget-heading\" data-id=\"e3be843\" data-element_type=\"widget\" data-e-type=\"widget\" data-widget_type=\"heading.default\">\n\t\t\t\t<div class=\"elementor-widget-container\">\n\t\t\t\t\t<h2 class=\"elementor-heading-title elementor-size-default\">3. Apr\u00e8s le tour : Calculer les totaux<\/h2>\t\t\t\t<\/div>\n\t\t\t\t<\/div>\n\t\t\t\t<div class=\"elementor-element elementor-element-099f3f1 elementor-widget elementor-widget-text-editor\" data-id=\"099f3f1\" data-element_type=\"widget\" data-e-type=\"widget\" data-widget_type=\"text-editor.default\">\n\t\t\t\t<div class=\"elementor-widget-container\">\n\t\t\t\t\t\t\t\t\t<p><strong>\u00c0 la fin du tour, vous additionnez simplement :<\/strong><\/p><ul><li>FIR % = (Nombre de fairways touch\u00e9s) \u00f7 (Nombre de d\u00e9parts Par-4\/5) \u00d7 100<\/li><li>GIR % = (Nombre de greens en r\u00e9gulation) \u00f7 18 \u00d7 100<\/li><li>Putts\/Tour = Somme de tous les putts<\/li><li>Scrambling % = (Nombre de \u00ab Oui \u00bb en Scrambling) \u00f7 (Nombre de trous GIR manqu\u00e9s) \u00d7 100<\/li><li>Sandsave % = (Nombre de \u00ab Oui \u00bb en Sandsave) \u00f7 (Nombre de chances de bunker) \u00d7 100<\/li><li>Score = Coups totaux<\/li><li>Longueur du fer 7 (facultatif) = mesurer \u00e0 l&rsquo;entra\u00eenement\/au practice (moyenne)<\/li><\/ul>\t\t\t\t\t\t\t\t<\/div>\n\t\t\t\t<\/div>\n\t\t\t\t<div class=\"elementor-element elementor-element-3e8610a elementor-widget elementor-widget-text-editor\" data-id=\"3e8610a\" data-element_type=\"widget\" data-e-type=\"widget\" data-widget_type=\"text-editor.default\">\n\t\t\t\t<div class=\"elementor-widget-container\">\n\t\t\t\t\t\t\t\t\t<p><strong data-start=\"2909\" data-end=\"2918\">Conseil :<\/strong> Indiquez \u00e9galement votre <strong data-start=\"2942\" data-end=\"2961\">groupe de handicap<\/strong> (par exemple, 13\u201320 ou 31\u201345) afin que le calculateur vous compare \u00e0 des <strong data-start=\"3030\" data-end=\"3044\">benchmarks<\/strong> appropri\u00e9s.<\/p>\t\t\t\t\t\t\t\t<\/div>\n\t\t\t\t<\/div>\n\t\t\t\t<div class=\"elementor-element elementor-element-dee3b06 elementor-widget elementor-widget-eael-creative-button\" data-id=\"dee3b06\" data-element_type=\"widget\" data-e-type=\"widget\" data-widget_type=\"eael-creative-button.default\">\n\t\t\t\t<div class=\"elementor-widget-container\">\n\t\t\t\t\t        <div class=\"eael-creative-button-wrapper\">\n\n            <a class=\"eael-creative-button eael-creative-button--wayra eael-cb-icon-position-right\" href=\"https:\/\/playgolf18.com\/rechner\/\" data-text=\"Go !\">\n            \t    \n                <div class=\"creative-button-inner\">\n\n                    \n                    <span class=\"cretive-button-text\">Vers le calculateur d'entra\u00eenement<\/span>\n\n                                            <span class=\"eael-creative-button-icon-right\"><svg aria-hidden=\"true\" class=\"e-font-icon-svg e-fas-calculator\" viewBox=\"0 0 448 512\" xmlns=\"http:\/\/www.w3.org\/2000\/svg\"><path d=\"M400 0H48C22.4 0 0 22.4 0 48v416c0 25.6 22.4 48 48 48h352c25.6 0 48-22.4 48-48V48c0-25.6-22.4-48-48-48zM128 435.2c0 6.4-6.4 12.8-12.8 12.8H76.8c-6.4 0-12.8-6.4-12.8-12.8v-38.4c0-6.4 6.4-12.8 12.8-12.8h38.4c6.4 0 12.8 6.4 12.8 12.8v38.4zm0-128c0 6.4-6.4 12.8-12.8 12.8H76.8c-6.4 0-12.8-6.4-12.8-12.8v-38.4c0-6.4 6.4-12.8 12.8-12.8h38.4c6.4 0 12.8 6.4 12.8 12.8v38.4zm128 128c0 6.4-6.4 12.8-12.8 12.8h-38.4c-6.4 0-12.8-6.4-12.8-12.8v-38.4c0-6.4 6.4-12.8 12.8-12.8h38.4c6.4 0 12.8 6.4 12.8 12.8v38.4zm0-128c0 6.4-6.4 12.8-12.8 12.8h-38.4c-6.4 0-12.8-6.4-12.8-12.8v-38.4c0-6.4 6.4-12.8 12.8-12.8h38.4c6.4 0 12.8 6.4 12.8 12.8v38.4zm128 128c0 6.4-6.4 12.8-12.8 12.8h-38.4c-6.4 0-12.8-6.4-12.8-12.8V268.8c0-6.4 6.4-12.8 12.8-12.8h38.4c6.4 0 12.8 6.4 12.8 12.8v166.4zm0-256c0 6.4-6.4 12.8-12.8 12.8H76.8c-6.4 0-12.8-6.4-12.8-12.8V76.8C64 70.4 70.4 64 76.8 64h294.4c6.4 0 12.8 6.4 12.8 12.8v102.4z\"><\/path><\/svg><\/span>                                    <\/div>\n\t                        <\/a>\n        <\/div>\n        \t\t\t\t<\/div>\n\t\t\t\t<\/div>\n\t\t\t\t<\/div>\n\t\t<div class=\"elementor-element elementor-element-c678d9e e-con-full e-flex e-con e-child\" data-id=\"c678d9e\" data-element_type=\"container\" data-e-type=\"container\">\n\t\t\t\t<div class=\"elementor-element elementor-element-ecfe1a2 elementor-widget elementor-widget-image\" data-id=\"ecfe1a2\" data-element_type=\"widget\" data-e-type=\"widget\" data-widget_type=\"image.default\">\n\t\t\t\t<div class=\"elementor-widget-container\">\n\t\t\t\t\t\t\t\t\t\t\t\t\t\t\t<img decoding=\"async\" width=\"800\" height=\"729\" src=\"https:\/\/playgolf18.com\/wp-content\/uploads\/2025\/10\/rechner-mockup-1024x933.jpg\" class=\"attachment-large size-large wp-image-566\" alt=\"\" srcset=\"https:\/\/playgolf18.com\/wp-content\/uploads\/2025\/10\/rechner-mockup-1024x933.jpg 1024w, https:\/\/playgolf18.com\/wp-content\/uploads\/2025\/10\/rechner-mockup-300x273.jpg 300w, https:\/\/playgolf18.com\/wp-content\/uploads\/2025\/10\/rechner-mockup-768x700.jpg 768w, https:\/\/playgolf18.com\/wp-content\/uploads\/2025\/10\/rechner-mockup-600x547.jpg 600w, https:\/\/playgolf18.com\/wp-content\/uploads\/2025\/10\/rechner-mockup.jpg 1200w\" sizes=\"(max-width: 800px) 100vw, 800px\" \/>\t\t\t\t\t\t\t\t\t\t\t\t\t\t\t<\/div>\n\t\t\t\t<\/div>\n\t\t\t\t<\/div>\n\t\t\t\t\t<\/div>\n\t\t\t\t<\/div>\n\t\t<div class=\"elementor-element elementor-element-3a683de e-flex e-con-boxed e-con e-parent\" data-id=\"3a683de\" data-element_type=\"container\" data-e-type=\"container\">\n\t\t\t\t\t<div class=\"e-con-inner\">\n\t\t\t\t<div class=\"elementor-element elementor-element-1da190e elementor-widget-divider--view-line_icon elementor-view-default elementor-widget-divider--element-align-center elementor-widget elementor-widget-divider\" data-id=\"1da190e\" data-element_type=\"widget\" data-e-type=\"widget\" data-widget_type=\"divider.default\">\n\t\t\t\t<div class=\"elementor-widget-container\">\n\t\t\t\t\t\t\t<div class=\"elementor-divider\">\n\t\t\t<span class=\"elementor-divider-separator\">\n\t\t\t\t\t\t\t<div class=\"elementor-icon elementor-divider__element\">\n\t\t\t\t\t<svg aria-hidden=\"true\" class=\"e-font-icon-svg e-fas-golf-ball\" viewBox=\"0 0 416 512\" xmlns=\"http:\/\/www.w3.org\/2000\/svg\"><path d=\"M96 416h224c0 17.7-14.3 32-32 32h-16c-17.7 0-32 14.3-32 32v20c0 6.6-5.4 12-12 12h-40c-6.6 0-12-5.4-12-12v-20c0-17.7-14.3-32-32-32h-16c-17.7 0-32-14.3-32-32zm320-208c0 74.2-39 139.2-97.5 176h-221C39 347.2 0 282.2 0 208 0 93.1 93.1 0 208 0s208 93.1 208 208zm-180.1 43.9c18.3 0 33.1-14.8 33.1-33.1 0-14.4-9.3-26.3-22.1-30.9 9.6 26.8-15.6 51.3-41.9 41.9 4.6 12.8 16.5 22.1 30.9 22.1zm49.1 46.9c0-14.4-9.3-26.3-22.1-30.9 9.6 26.8-15.6 51.3-41.9 41.9 4.6 12.8 16.5 22.1 30.9 22.1 18.3 0 33.1-14.9 33.1-33.1zm64-64c0-14.4-9.3-26.3-22.1-30.9 9.6 26.8-15.6 51.3-41.9 41.9 4.6 12.8 16.5 22.1 30.9 22.1 18.3 0 33.1-14.9 33.1-33.1z\"><\/path><\/svg><\/div>\n\t\t\t\t\t\t<\/span>\n\t\t<\/div>\n\t\t\t\t\t\t<\/div>\n\t\t\t\t<\/div>\n\t\t\t\t\t<\/div>\n\t\t\t\t<\/div>\n\t\t<div class=\"elementor-element elementor-element-59f2d2d e-flex e-con-boxed e-con e-parent\" data-id=\"59f2d2d\" data-element_type=\"container\" data-e-type=\"container\">\n\t\t\t\t\t<div class=\"e-con-inner\">\n\t\t<div class=\"elementor-element elementor-element-36865dc e-con-full e-flex e-con e-child\" data-id=\"36865dc\" data-element_type=\"container\" data-e-type=\"container\">\n\t\t\t\t<div class=\"elementor-element elementor-element-6a7e940 elementor-widget elementor-widget-heading\" data-id=\"6a7e940\" data-element_type=\"widget\" data-e-type=\"widget\" data-widget_type=\"heading.default\">\n\t\t\t\t<div class=\"elementor-widget-container\">\n\t\t\t\t\t<h2 class=\"elementor-heading-title elementor-size-default\">FAQ <\/h2>\t\t\t\t<\/div>\n\t\t\t\t<\/div>\n\t\t\t\t<div class=\"elementor-element elementor-element-91e5d99 elementor-widget elementor-widget-text-editor\" data-id=\"91e5d99\" data-element_type=\"widget\" data-e-type=\"widget\" data-widget_type=\"text-editor.default\">\n\t\t\t\t<div class=\"elementor-widget-container\">\n\t\t\t\t\t\t\t\t\t<p><strong>Les trous Par-3 comptent-ils pour le FIR ?<\/strong><br>Non, le FIR ne s&rsquo;applique qu&rsquo;aux d\u00e9parts sur Par-4\/5.<\/p><p><strong>Qu&rsquo;est-ce qui est consid\u00e9r\u00e9 comme du Scrambling ?<\/strong><br>Par (ou mieux) malgr\u00e9 un GIR manqu\u00e9 \u2013 peu importe comment (Chip\/Pitch\/Up-&amp;-Down).<\/p><p><strong>Comment mesurer la longueur du 1er putt ?<\/strong><br>Estimez par pas de 1 m (par exemple, 4 m, 6 m). Il s&rsquo;agit des tendances du lag-putting, pas des centim\u00e8tres. <\/p><p><strong>Puis-je \u00e9galement \u00e9valuer sans coups de bunker ?<\/strong><br>Oui, alors le Sandsave % reste vide pour ce tour, ou 0 chance.<\/p><p><strong>Pourquoi le syst\u00e8me fonctionne<\/strong><\/p><ul><li>Objectif &amp; analogique : Vous enregistrez des faits concrets \u2013 sans distraction de l&rsquo;application.<\/li><li>Sch\u00e9mas plut\u00f4t que moments isol\u00e9s : 18 tours montrent des tendances, pas des valeurs aberrantes.<\/li><li>Du terrain \u00e0 l&rsquo;entra\u00eenement : Valeurs \u2192 Calculateur \u2192 Exercices \u2192 meilleur handicap.<\/li><\/ul>\t\t\t\t\t\t\t\t<\/div>\n\t\t\t\t<\/div>\n\t\t\t\t<\/div>\n\t\t\t\t\t<\/div>\n\t\t\t\t<\/div>\n\t\t\t\t<\/div>\n\t\t","protected":false},"excerpt":{"rendered":"<p>Comment fonctionne la Golf Performance Scorecard Comprenez votre jeu. Am\u00e9liorez votre entra\u00eenement.Avec la Golf Performance Scorecard, vous enregistrez chaque tour de mani\u00e8re structur\u00e9e \u2013 trou par trou \u2013 et vous voyez en un coup d&rsquo;\u0153il o\u00f9 vous perdez des coups. \u00c0 la fin, vous entrez vos totaux dans le calculateur de focus d&rsquo;entra\u00eenement et vous [&hellip;]<\/p>\n","protected":false},"author":2,"featured_media":0,"parent":0,"menu_order":0,"comment_status":"closed","ping_status":"closed","template":"","meta":{"footnotes":""},"class_list":["post-559","page","type-page","status-publish","hentry"],"_links":{"self":[{"href":"https:\/\/playgolf18.com\/fr\/wp-json\/wp\/v2\/pages\/559","targetHints":{"allow":["GET"]}}],"collection":[{"href":"https:\/\/playgolf18.com\/fr\/wp-json\/wp\/v2\/pages"}],"about":[{"href":"https:\/\/playgolf18.com\/fr\/wp-json\/wp\/v2\/types\/page"}],"author":[{"embeddable":true,"href":"https:\/\/playgolf18.com\/fr\/wp-json\/wp\/v2\/users\/2"}],"replies":[{"embeddable":true,"href":"https:\/\/playgolf18.com\/fr\/wp-json\/wp\/v2\/comments?post=559"}],"version-history":[{"count":1,"href":"https:\/\/playgolf18.com\/fr\/wp-json\/wp\/v2\/pages\/559\/revisions"}],"predecessor-version":[{"id":568,"href":"https:\/\/playgolf18.com\/fr\/wp-json\/wp\/v2\/pages\/559\/revisions\/568"}],"wp:attachment":[{"href":"https:\/\/playgolf18.com\/fr\/wp-json\/wp\/v2\/media?parent=559"}],"curies":[{"name":"wp","href":"https:\/\/api.w.org\/{rel}","templated":true}]}}