{"id":542,"date":"2025-09-19T13:59:27","date_gmt":"2025-09-19T13:59:27","guid":{"rendered":"https:\/\/playgolf18.com\/clubs-de-golf-et-pros\/"},"modified":"2025-11-20T13:47:04","modified_gmt":"2025-11-20T13:47:04","slug":"clubs-de-golf-et-pros","status":"publish","type":"page","link":"https:\/\/playgolf18.com\/fr\/clubs-de-golf-et-pros\/","title":{"rendered":"Clubs de golf et pros"},"content":{"rendered":"\t\t<div data-elementor-type=\"wp-page\" data-elementor-id=\"542\" class=\"elementor elementor-542 elementor-85\" data-elementor-post-type=\"page\">\n\t\t\t\t<div class=\"elementor-element elementor-element-9b7aabd e-flex e-con-boxed e-con e-parent\" data-id=\"9b7aabd\" data-element_type=\"container\" data-e-type=\"container\">\n\t\t\t\t\t<div class=\"e-con-inner\">\n\t\t\t\t<div class=\"elementor-element elementor-element-57a3a65 elementor-widget elementor-widget-heading\" data-id=\"57a3a65\" data-element_type=\"widget\" data-e-type=\"widget\" data-widget_type=\"heading.default\">\n\t\t\t\t<div class=\"elementor-widget-container\">\n\t\t\t\t\t<h1 class=\"elementor-heading-title elementor-size-default\">Scorecards de performance de golf individuelles pour les entra\u00eeneurs et les clubs de golf<\/h1>\t\t\t\t<\/div>\n\t\t\t\t<\/div>\n\t\t\t\t<div class=\"elementor-element elementor-element-6614615 elementor-widget elementor-widget-text-editor\" data-id=\"6614615\" data-element_type=\"widget\" data-e-type=\"widget\" data-widget_type=\"text-editor.default\">\n\t\t\t\t<div class=\"elementor-widget-container\">\n\t\t\t\t\t\t\t\t\t<p>Votre outil d&rsquo;analyse professionnel pour le d\u00e9veloppement des joueurs et la r\u00e9ussite de l&rsquo;entra\u00eenement.<\/p>\t\t\t\t\t\t\t\t<\/div>\n\t\t\t\t<\/div>\n\t\t\t\t\t<\/div>\n\t\t\t\t<\/div>\n\t\t<div class=\"elementor-element elementor-element-c6f0ee3 e-flex e-con-boxed e-con e-parent\" data-id=\"c6f0ee3\" data-element_type=\"container\" data-e-type=\"container\">\n\t\t\t\t\t<div class=\"e-con-inner\">\n\t\t<div class=\"elementor-element elementor-element-d2f4f4b e-con-full e-flex e-con e-child\" data-id=\"d2f4f4b\" data-element_type=\"container\" data-e-type=\"container\">\n\t\t\t\t<div class=\"elementor-element elementor-element-ddaa19a elementor-widget elementor-widget-heading\" data-id=\"ddaa19a\" data-element_type=\"widget\" data-e-type=\"widget\" data-widget_type=\"heading.default\">\n\t\t\t\t<div class=\"elementor-widget-container\">\n\t\t\t\t\t<h4 class=\"elementor-heading-title elementor-size-default\">Un coaching professionnel commence avec des donn\u00e9es claires<\/h4>\t\t\t\t<\/div>\n\t\t\t\t<\/div>\n\t\t\t\t<div class=\"elementor-element elementor-element-48c1260 elementor-widget elementor-widget-text-editor\" data-id=\"48c1260\" data-element_type=\"widget\" data-e-type=\"widget\" data-widget_type=\"text-editor.default\">\n\t\t\t\t<div class=\"elementor-widget-container\">\n\t\t\t\t\t\t\t\t\t<p>La Golf Performance Scorecard offre aux entra\u00eeneurs et aux clubs de golf un outil analogique simple pour am\u00e9liorer de mani\u00e8re mesurable le jeu de leurs \u00e9l\u00e8ves et membres.<\/p><p>Chaque tour offre une vue d&rsquo;ensemble claire des forces, des faiblesses et des progr\u00e8s \u2013 id\u00e9al comme base pour les s\u00e9ances d&rsquo;entra\u00eenement, les entretiens de feedback ou les analyses de club.<\/p>\t\t\t\t\t\t\t\t<\/div>\n\t\t\t\t<\/div>\n\t\t\t\t<\/div>\n\t\t<div class=\"elementor-element elementor-element-26ba6d7 e-con-full e-flex e-con e-child\" data-id=\"26ba6d7\" data-element_type=\"container\" data-e-type=\"container\">\n\t\t\t\t<div class=\"elementor-element elementor-element-f036920 elementor-widget elementor-widget-image\" data-id=\"f036920\" data-element_type=\"widget\" data-e-type=\"widget\" data-widget_type=\"image.default\">\n\t\t\t\t<div class=\"elementor-widget-container\">\n\t\t\t\t\t\t\t\t\t\t\t\t\t\t\t<img fetchpriority=\"high\" decoding=\"async\" width=\"800\" height=\"422\" src=\"https:\/\/playgolf18.com\/wp-content\/uploads\/2025\/10\/golftrainer-1024x540.jpg\" class=\"attachment-large size-large wp-image-543\" alt=\"\" srcset=\"https:\/\/playgolf18.com\/wp-content\/uploads\/2025\/10\/golftrainer-1024x540.jpg 1024w, https:\/\/playgolf18.com\/wp-content\/uploads\/2025\/10\/golftrainer-300x158.jpg 300w, https:\/\/playgolf18.com\/wp-content\/uploads\/2025\/10\/golftrainer-768x405.jpg 768w, https:\/\/playgolf18.com\/wp-content\/uploads\/2025\/10\/golftrainer-600x317.jpg 600w, https:\/\/playgolf18.com\/wp-content\/uploads\/2025\/10\/golftrainer.jpg 1200w\" sizes=\"(max-width: 800px) 100vw, 800px\" \/>\t\t\t\t\t\t\t\t\t\t\t\t\t\t\t<\/div>\n\t\t\t\t<\/div>\n\t\t\t\t<\/div>\n\t\t\t\t\t<\/div>\n\t\t\t\t<\/div>\n\t\t<div class=\"elementor-element elementor-element-9bdaf3b e-flex e-con-boxed e-con e-parent\" data-id=\"9bdaf3b\" data-element_type=\"container\" data-e-type=\"container\">\n\t\t\t\t\t<div class=\"e-con-inner\">\n\t\t\t\t<div class=\"elementor-element elementor-element-1aafc07 elementor-widget-divider--view-line_icon elementor-view-default elementor-widget-divider--element-align-center elementor-widget elementor-widget-divider\" data-id=\"1aafc07\" data-element_type=\"widget\" data-e-type=\"widget\" data-widget_type=\"divider.default\">\n\t\t\t\t<div class=\"elementor-widget-container\">\n\t\t\t\t\t\t\t<div class=\"elementor-divider\">\n\t\t\t<span class=\"elementor-divider-separator\">\n\t\t\t\t\t\t\t<div class=\"elementor-icon elementor-divider__element\">\n\t\t\t\t\t<svg aria-hidden=\"true\" class=\"e-font-icon-svg e-fas-golf-ball\" viewBox=\"0 0 416 512\" xmlns=\"http:\/\/www.w3.org\/2000\/svg\"><path d=\"M96 416h224c0 17.7-14.3 32-32 32h-16c-17.7 0-32 14.3-32 32v20c0 6.6-5.4 12-12 12h-40c-6.6 0-12-5.4-12-12v-20c0-17.7-14.3-32-32-32h-16c-17.7 0-32-14.3-32-32zm320-208c0 74.2-39 139.2-97.5 176h-221C39 347.2 0 282.2 0 208 0 93.1 93.1 0 208 0s208 93.1 208 208zm-180.1 43.9c18.3 0 33.1-14.8 33.1-33.1 0-14.4-9.3-26.3-22.1-30.9 9.6 26.8-15.6 51.3-41.9 41.9 4.6 12.8 16.5 22.1 30.9 22.1zm49.1 46.9c0-14.4-9.3-26.3-22.1-30.9 9.6 26.8-15.6 51.3-41.9 41.9 4.6 12.8 16.5 22.1 30.9 22.1 18.3 0 33.1-14.9 33.1-33.1zm64-64c0-14.4-9.3-26.3-22.1-30.9 9.6 26.8-15.6 51.3-41.9 41.9 4.6 12.8 16.5 22.1 30.9 22.1 18.3 0 33.1-14.9 33.1-33.1z\"><\/path><\/svg><\/div>\n\t\t\t\t\t\t<\/span>\n\t\t<\/div>\n\t\t\t\t\t\t<\/div>\n\t\t\t\t<\/div>\n\t\t\t\t\t<\/div>\n\t\t\t\t<\/div>\n\t\t<div class=\"elementor-element elementor-element-43b0439 e-flex e-con-boxed e-con e-parent\" data-id=\"43b0439\" data-element_type=\"container\" data-e-type=\"container\">\n\t\t\t\t\t<div class=\"e-con-inner\">\n\t\t<div class=\"elementor-element elementor-element-219c8bb e-con-full e-flex e-con e-child\" data-id=\"219c8bb\" data-element_type=\"container\" data-e-type=\"container\">\n\t\t\t\t<div class=\"elementor-element elementor-element-b7f7fda elementor-widget elementor-widget-heading\" data-id=\"b7f7fda\" data-element_type=\"widget\" data-e-type=\"widget\" data-widget_type=\"heading.default\">\n\t\t\t\t<div class=\"elementor-widget-container\">\n\t\t\t\t\t<h4 class=\"elementor-heading-title elementor-size-default\">Vos avantages en tant qu'entra\u00eeneur ou club<\/h4>\t\t\t\t<\/div>\n\t\t\t\t<\/div>\n\t\t\t\t<div class=\"elementor-element elementor-element-d87ab5c elementor-widget elementor-widget-text-editor\" data-id=\"d87ab5c\" data-element_type=\"widget\" data-e-type=\"widget\" data-widget_type=\"text-editor.default\">\n\t\t\t\t<div class=\"elementor-widget-container\">\n\t\t\t\t\t\t\t\t\t<ul><li><strong>Design individuel&nbsp;:<\/strong> avec votre logo, les couleurs de votre club ou le branding de votre sponsor<\/li><li><strong>Collecte structur\u00e9e des performances&nbsp;:<\/strong> Fairway-Treffer, GIR, Putts, Scrambling, Sandsaves<\/li><li><strong>Donn\u00e9es du terrain&nbsp;:<\/strong> autant de terrains diff\u00e9rents que vous le souhaitez dans une scorecard.<\/li><li><strong>Aper\u00e7u rapide&nbsp;:<\/strong> identifiez en un coup d&rsquo;\u0153il o\u00f9 le joueur perd des coups<\/li><li><strong>Apparence professionnelle<\/strong> pour le coaching et l&rsquo;exploitation du club<\/li><li><strong>Production en s\u00e9rie en option&nbsp;:<\/strong> id\u00e9al pour les acad\u00e9mies, les \u00e9quipes ou les tournois<\/li><\/ul>\t\t\t\t\t\t\t\t<\/div>\n\t\t\t\t<\/div>\n\t\t\t\t<div class=\"elementor-element elementor-element-6deb506 elementor-widget elementor-widget-heading\" data-id=\"6deb506\" data-element_type=\"widget\" data-e-type=\"widget\" data-widget_type=\"heading.default\">\n\t\t\t\t<div class=\"elementor-widget-container\">\n\t\t\t\t\t<h4 class=\"elementor-heading-title elementor-size-default\">Id\u00e9al pour<\/h4>\t\t\t\t<\/div>\n\t\t\t\t<\/div>\n\t\t\t\t<div class=\"elementor-element elementor-element-e1c0c50 elementor-widget elementor-widget-text-editor\" data-id=\"e1c0c50\" data-element_type=\"widget\" data-e-type=\"widget\" data-widget_type=\"text-editor.default\">\n\t\t\t\t<div class=\"elementor-widget-container\">\n\t\t\t\t\t\t\t\t\t<ul><li><strong>Entra\u00eeneurs de golf&nbsp;:<\/strong> pour la documentation de l&rsquo;entra\u00eenement et le d\u00e9veloppement des performances<\/li><li><strong>Clubs de golf&nbsp;:<\/strong> comme cadeau aux membres ou aux tournois<\/li><li><strong>Acad\u00e9mies de golf&nbsp;:<\/strong> pour accompagner des cours ou la promotion de la jeunesse<\/li><li><strong>Entreprises&nbsp;:<\/strong> comme cadeau de golf de haute qualit\u00e9 avec branding<\/li><li><strong>Voyages de golf&nbsp;:<\/strong> le cadeau id\u00e9al pour les voyages de pros ou les sorties de clubs. Sur demande, \u00e9galement avec diff\u00e9rents emplacements (par exemple, 2 x emplacement A, 2 x emplacement B &#8230;). <\/li><\/ul>\t\t\t\t\t\t\t\t<\/div>\n\t\t\t\t<\/div>\n\t\t\t\t<\/div>\n\t\t<div class=\"elementor-element elementor-element-c609d35 e-con-full e-flex e-con e-child\" data-id=\"c609d35\" data-element_type=\"container\" data-e-type=\"container\">\n\t\t\t\t<div class=\"elementor-element elementor-element-3281eda elementor-widget elementor-widget-heading\" data-id=\"3281eda\" data-element_type=\"widget\" data-e-type=\"widget\" data-widget_type=\"heading.default\">\n\t\t\t\t<div class=\"elementor-widget-container\">\n\t\t\t\t\t<h4 class=\"elementor-heading-title elementor-size-default\">Demander maintenant sans engagement<\/h4>\t\t\t\t<\/div>\n\t\t\t\t<\/div>\n\t\t\t\t<div class=\"elementor-element elementor-element-703d266 elementor-widget elementor-widget-text-editor\" data-id=\"703d266\" data-element_type=\"widget\" data-e-type=\"widget\" data-widget_type=\"text-editor.default\">\n\t\t\t\t<div class=\"elementor-widget-container\">\n\t\t\t\t\t\t\t\t\t<p>Nous serons heureux de vous faire une offre individuelle et de vous conseiller sur la conception, le tirage et l&rsquo;exp\u00e9dition.<\/p>\t\t\t\t\t\t\t\t<\/div>\n\t\t\t\t<\/div>\n\t\t\t\t<div class=\"elementor-element elementor-element-84dfcb9 elementor-widget elementor-widget-wpforms\" data-id=\"84dfcb9\" data-element_type=\"widget\" data-e-type=\"widget\" data-widget_type=\"wpforms.default\">\n\t\t\t\t<div class=\"elementor-widget-container\">\n\t\t\t\t\t<style id=\"wpforms-css-vars-elementor-widget-84dfcb9\">\n\t\t\t\t.elementor-widget-wpforms.elementor-element-84dfcb9 {\n\t\t\t\t--wpforms-button-background-color: #2E8B57;\n\t\t\t}\n\t\t\t<\/style><div class=\"wpforms-container wpforms-container-full wpforms-render-modern\" id=\"wpforms-283\"><form id=\"wpforms-form-283\" class=\"wpforms-validate wpforms-form wpforms-ajax-form\" data-formid=\"283\" method=\"post\" enctype=\"multipart\/form-data\" action=\"\/fr\/wp-json\/wp\/v2\/pages\/542\" data-token=\"6bd09ae41999748c02a4154456a58c78\" data-token-time=\"1775919857\"><noscript class=\"wpforms-error-noscript\">Veuillez activer JavaScript dans votre navigateur pour remplir ce formulaire.<\/noscript><div id=\"wpforms-error-noscript\" style=\"display: none;\">Veuillez activer JavaScript dans votre navigateur pour remplir ce formulaire.<\/div><div class=\"wpforms-field-container\"><div id=\"wpforms-283-field_1-container\" class=\"wpforms-field wpforms-field-name\" data-field-id=\"1\"><fieldset><legend class=\"wpforms-field-label\">Name <span class=\"wpforms-required-label\" aria-hidden=\"true\">*<\/span><\/legend><div class=\"wpforms-field-row wpforms-field-large\"><div class=\"wpforms-field-row-block wpforms-first wpforms-one-half\"><input type=\"text\" id=\"wpforms-283-field_1\" class=\"wpforms-field-name-first wpforms-field-required\" name=\"wpforms[fields][1][first]\" aria-errormessage=\"wpforms-283-field_1-error\" required><label for=\"wpforms-283-field_1\" class=\"wpforms-field-sublabel after\">Pr\u00e9nom<\/label><\/div><div class=\"wpforms-field-row-block wpforms-one-half\"><input type=\"text\" id=\"wpforms-283-field_1-last\" class=\"wpforms-field-name-last wpforms-field-required\" name=\"wpforms[fields][1][last]\" aria-errormessage=\"wpforms-283-field_1-last-error\" required><label for=\"wpforms-283-field_1-last\" class=\"wpforms-field-sublabel after\">Nom<\/label><\/div><\/div><\/fieldset><\/div><div id=\"wpforms-283-field_2-container\" class=\"wpforms-field wpforms-field-email\" data-field-id=\"2\"><label class=\"wpforms-field-label\" for=\"wpforms-283-field_2\">E-Mail-Adresse <span class=\"wpforms-required-label\" aria-hidden=\"true\">*<\/span><\/label><input type=\"email\" id=\"wpforms-283-field_2\" class=\"wpforms-field-large wpforms-field-required\" name=\"wpforms[fields][2]\" spellcheck=\"false\" aria-errormessage=\"wpforms-283-field_2-error\" required><\/div>\t\t<div id=\"wpforms-283-field_6-container\"\n\t\t\tclass=\"wpforms-field wpforms-field-text\"\n\t\t\tdata-field-type=\"text\"\n\t\t\tdata-field-id=\"6\"\n\t\t\t>\n\t\t\t<label class=\"wpforms-field-label\" for=\"wpforms-283-field_6\" >\/ W\u00fcnsche E-Mail-Adresse<\/label>\n\t\t\t<input type=\"text\" id=\"wpforms-283-field_6\" class=\"wpforms-field-medium\" name=\"wpforms[fields][6]\" >\n\t\t<\/div>\n\t\t<div id=\"wpforms-283-field_3-container\" class=\"wpforms-field wpforms-field-text\" data-field-id=\"3\"><label class=\"wpforms-field-label\" for=\"wpforms-283-field_3\">Club\/Organisation<\/label><input type=\"text\" id=\"wpforms-283-field_3\" class=\"wpforms-field-large\" name=\"wpforms[fields][3]\" aria-errormessage=\"wpforms-283-field_3-error\" ><\/div><div id=\"wpforms-283-field_4-container\" class=\"wpforms-field wpforms-field-number\" data-field-id=\"4\"><label class=\"wpforms-field-label\" for=\"wpforms-283-field_4\">Gew\u00fcnschte St\u00fcckzahl<\/label><input type=\"number\" id=\"wpforms-283-field_4\" class=\"wpforms-field-large\" name=\"wpforms[fields][4]\" min=\"0\" max=\"1000\" step=\"any\" aria-errormessage=\"wpforms-283-field_4-error\" ><\/div><div id=\"wpforms-283-field_5-container\" class=\"wpforms-field wpforms-field-textarea\" data-field-id=\"5\"><label class=\"wpforms-field-label\" for=\"wpforms-283-field_5\">Deine Anforderungen \/ W\u00fcnsche<\/label><textarea id=\"wpforms-283-field_5\" class=\"wpforms-field-medium\" name=\"wpforms[fields][5]\" aria-errormessage=\"wpforms-283-field_5-error\" ><\/textarea><\/div><script>\n\t\t\t\t( function() {\n\t\t\t\t\tconst style = document.createElement( 'style' );\n\t\t\t\t\tstyle.appendChild( document.createTextNode( '#wpforms-283-field_6-container { position: absolute !important; overflow: hidden !important; display: inline !important; height: 1px !important; width: 1px !important; z-index: -1000 !important; padding: 0 !important; } #wpforms-283-field_6-container input { visibility: hidden; } #wpforms-conversational-form-page #wpforms-283-field_6-container label { counter-increment: none; }' ) );\n\t\t\t\t\tdocument.head.appendChild( style );\n\t\t\t\t\tdocument.currentScript?.remove();\n\t\t\t\t} )();\n\t\t\t<\/script><\/div><!-- .wpforms-field-container --><div class=\"wpforms-submit-container\" ><input type=\"hidden\" name=\"wpforms[id]\" value=\"283\"><input type=\"hidden\" name=\"page_title\" value=\"\"><input type=\"hidden\" name=\"page_url\" value=\"https:\/\/playgolf18.com\/fr\/wp-json\/wp\/v2\/pages\/542\"><input type=\"hidden\" name=\"url_referer\" value=\"\"><button type=\"submit\" name=\"wpforms[submit]\" id=\"wpforms-submit-283\" class=\"wpforms-submit\" data-alt-text=\"Wird gesendet\u00a0\u2026\" data-submit-text=\"Absenden\" aria-live=\"assertive\" value=\"wpforms-submit\">Absenden<\/button><img decoding=\"async\" src=\"https:\/\/playgolf18.com\/wp-content\/plugins\/wpforms\/assets\/images\/submit-spin.svg\" class=\"wpforms-submit-spinner\" style=\"display: none;\" width=\"26\" height=\"26\" alt=\"Chargement en cours\"><\/div><\/form><\/div>  <!-- .wpforms-container -->\t\t\t\t<\/div>\n\t\t\t\t<\/div>\n\t\t\t\t<\/div>\n\t\t\t\t\t<\/div>\n\t\t\t\t<\/div>\n\t\t\t\t<\/div>\n\t\t","protected":false},"excerpt":{"rendered":"<p>Scorecards de performance de golf individuelles pour les entra\u00eeneurs et les clubs de golf Votre outil d&rsquo;analyse professionnel pour le d\u00e9veloppement des joueurs et la r\u00e9ussite de l&rsquo;entra\u00eenement. Un coaching professionnel commence avec des donn\u00e9es claires La Golf Performance Scorecard offre aux entra\u00eeneurs et aux clubs de golf un outil analogique simple pour am\u00e9liorer de [&hellip;]<\/p>\n","protected":false},"author":2,"featured_media":0,"parent":0,"menu_order":0,"comment_status":"closed","ping_status":"closed","template":"","meta":{"footnotes":""},"class_list":["post-542","page","type-page","status-publish","hentry"],"_links":{"self":[{"href":"https:\/\/playgolf18.com\/fr\/wp-json\/wp\/v2\/pages\/542","targetHints":{"allow":["GET"]}}],"collection":[{"href":"https:\/\/playgolf18.com\/fr\/wp-json\/wp\/v2\/pages"}],"about":[{"href":"https:\/\/playgolf18.com\/fr\/wp-json\/wp\/v2\/types\/page"}],"author":[{"embeddable":true,"href":"https:\/\/playgolf18.com\/fr\/wp-json\/wp\/v2\/users\/2"}],"replies":[{"embeddable":true,"href":"https:\/\/playgolf18.com\/fr\/wp-json\/wp\/v2\/comments?post=542"}],"version-history":[{"count":2,"href":"https:\/\/playgolf18.com\/fr\/wp-json\/wp\/v2\/pages\/542\/revisions"}],"predecessor-version":[{"id":546,"href":"https:\/\/playgolf18.com\/fr\/wp-json\/wp\/v2\/pages\/542\/revisions\/546"}],"wp:attachment":[{"href":"https:\/\/playgolf18.com\/fr\/wp-json\/wp\/v2\/media?parent=542"}],"curies":[{"name":"wp","href":"https:\/\/api.w.org\/{rel}","templated":true}]}}