{"id":85,"date":"2025-09-19T13:59:27","date_gmt":"2025-09-19T13:59:27","guid":{"rendered":"https:\/\/playgolf18.com\/?page_id=85"},"modified":"2026-04-13T12:50:59","modified_gmt":"2026-04-13T12:50:59","slug":"golfclubs-pros","status":"publish","type":"page","link":"https:\/\/playgolf18.com\/en\/golfclubs-pros\/","title":{"rendered":"Golfclubs &amp; Pros"},"content":{"rendered":"\t\t<div data-elementor-type=\"wp-page\" data-elementor-id=\"85\" class=\"elementor elementor-85\" data-elementor-post-type=\"page\">\n\t\t\t\t<div class=\"elementor-element elementor-element-9b7aabd e-flex e-con-boxed e-con e-parent\" data-id=\"9b7aabd\" data-element_type=\"container\" data-e-type=\"container\">\n\t\t\t\t\t<div class=\"e-con-inner\">\n\t\t\t\t<div class=\"elementor-element elementor-element-57a3a65 elementor-widget elementor-widget-heading\" data-id=\"57a3a65\" data-element_type=\"widget\" data-e-type=\"widget\" data-widget_type=\"heading.default\">\n\t\t\t\t<div class=\"elementor-widget-container\">\n\t\t\t\t\t<h1 class=\"elementor-heading-title elementor-size-default\">Individuelle Golf Performance Scorecards f\u00fcr Trainer &amp; Golfclubs<\/h1>\t\t\t\t<\/div>\n\t\t\t\t<\/div>\n\t\t\t\t<div class=\"elementor-element elementor-element-6614615 elementor-widget elementor-widget-text-editor\" data-id=\"6614615\" data-element_type=\"widget\" data-e-type=\"widget\" data-widget_type=\"text-editor.default\">\n\t\t\t\t<div class=\"elementor-widget-container\">\n\t\t\t\t\t\t\t\t\t<p>Ihr professionelles Analyse-Tool f\u00fcr Spielerentwicklung und Trainingserfolg.<\/p>\t\t\t\t\t\t\t\t<\/div>\n\t\t\t\t<\/div>\n\t\t\t\t\t<\/div>\n\t\t\t\t<\/div>\n\t\t<div class=\"elementor-element elementor-element-c6f0ee3 e-flex e-con-boxed e-con e-parent\" data-id=\"c6f0ee3\" data-element_type=\"container\" data-e-type=\"container\">\n\t\t\t\t\t<div class=\"e-con-inner\">\n\t\t<div class=\"elementor-element elementor-element-d2f4f4b e-con-full e-flex e-con e-child\" data-id=\"d2f4f4b\" data-element_type=\"container\" data-e-type=\"container\">\n\t\t\t\t<div class=\"elementor-element elementor-element-ddaa19a elementor-widget elementor-widget-heading\" data-id=\"ddaa19a\" data-element_type=\"widget\" data-e-type=\"widget\" data-widget_type=\"heading.default\">\n\t\t\t\t<div class=\"elementor-widget-container\">\n\t\t\t\t\t<h4 class=\"elementor-heading-title elementor-size-default\">Professionelles Coaching beginnt mit klaren Daten<\/h4>\t\t\t\t<\/div>\n\t\t\t\t<\/div>\n\t\t\t\t<div class=\"elementor-element elementor-element-48c1260 elementor-widget elementor-widget-text-editor\" data-id=\"48c1260\" data-element_type=\"widget\" data-e-type=\"widget\" data-widget_type=\"text-editor.default\">\n\t\t\t\t<div class=\"elementor-widget-container\">\n\t\t\t\t\t\t\t\t\t<p>Die Golf Performance Scorecard gibt Trainern und Golfclubs ein einfaches, analoges Werkzeug in die Hand, um das Spiel ihrer Sch\u00fcler und Mitglieder messbar zu verbessern.<\/p><p>Mit jeder Runde entsteht ein klarer \u00dcberblick \u00fcber St\u00e4rken, Schw\u00e4chen und Fortschritte \u2013 ideal als Grundlage f\u00fcr Trainingseinheiten, Feedbackgespr\u00e4che oder Clubanalysen.<\/p>\t\t\t\t\t\t\t\t<\/div>\n\t\t\t\t<\/div>\n\t\t\t\t<\/div>\n\t\t<div class=\"elementor-element elementor-element-26ba6d7 e-con-full e-flex e-con e-child\" data-id=\"26ba6d7\" data-element_type=\"container\" data-e-type=\"container\">\n\t\t\t\t<div class=\"elementor-element elementor-element-f036920 elementor-widget elementor-widget-image\" data-id=\"f036920\" data-element_type=\"widget\" data-e-type=\"widget\" data-widget_type=\"image.default\">\n\t\t\t\t<div class=\"elementor-widget-container\">\n\t\t\t\t\t\t\t\t\t\t\t\t\t\t\t<img fetchpriority=\"high\" decoding=\"async\" width=\"800\" height=\"422\" src=\"https:\/\/playgolf18.com\/wp-content\/uploads\/2025\/10\/golftrainer-1024x540.jpg\" class=\"attachment-large size-large wp-image-279\" alt=\"\" srcset=\"https:\/\/playgolf18.com\/wp-content\/uploads\/2025\/10\/golftrainer-1024x540.jpg 1024w, https:\/\/playgolf18.com\/wp-content\/uploads\/2025\/10\/golftrainer-300x158.jpg 300w, https:\/\/playgolf18.com\/wp-content\/uploads\/2025\/10\/golftrainer-768x405.jpg 768w, https:\/\/playgolf18.com\/wp-content\/uploads\/2025\/10\/golftrainer-600x317.jpg 600w, https:\/\/playgolf18.com\/wp-content\/uploads\/2025\/10\/golftrainer.jpg 1200w\" sizes=\"(max-width: 800px) 100vw, 800px\" \/>\t\t\t\t\t\t\t\t\t\t\t\t\t\t\t<\/div>\n\t\t\t\t<\/div>\n\t\t\t\t<\/div>\n\t\t\t\t\t<\/div>\n\t\t\t\t<\/div>\n\t\t<div class=\"elementor-element elementor-element-9bdaf3b e-flex e-con-boxed e-con e-parent\" data-id=\"9bdaf3b\" data-element_type=\"container\" data-e-type=\"container\">\n\t\t\t\t\t<div class=\"e-con-inner\">\n\t\t\t\t<div class=\"elementor-element elementor-element-1aafc07 elementor-widget-divider--view-line_icon elementor-view-default elementor-widget-divider--element-align-center elementor-widget elementor-widget-divider\" data-id=\"1aafc07\" data-element_type=\"widget\" data-e-type=\"widget\" data-widget_type=\"divider.default\">\n\t\t\t\t<div class=\"elementor-widget-container\">\n\t\t\t\t\t\t\t<div class=\"elementor-divider\">\n\t\t\t<span class=\"elementor-divider-separator\">\n\t\t\t\t\t\t\t<div class=\"elementor-icon elementor-divider__element\">\n\t\t\t\t\t<svg aria-hidden=\"true\" class=\"e-font-icon-svg e-fas-golf-ball\" viewBox=\"0 0 416 512\" xmlns=\"http:\/\/www.w3.org\/2000\/svg\"><path d=\"M96 416h224c0 17.7-14.3 32-32 32h-16c-17.7 0-32 14.3-32 32v20c0 6.6-5.4 12-12 12h-40c-6.6 0-12-5.4-12-12v-20c0-17.7-14.3-32-32-32h-16c-17.7 0-32-14.3-32-32zm320-208c0 74.2-39 139.2-97.5 176h-221C39 347.2 0 282.2 0 208 0 93.1 93.1 0 208 0s208 93.1 208 208zm-180.1 43.9c18.3 0 33.1-14.8 33.1-33.1 0-14.4-9.3-26.3-22.1-30.9 9.6 26.8-15.6 51.3-41.9 41.9 4.6 12.8 16.5 22.1 30.9 22.1zm49.1 46.9c0-14.4-9.3-26.3-22.1-30.9 9.6 26.8-15.6 51.3-41.9 41.9 4.6 12.8 16.5 22.1 30.9 22.1 18.3 0 33.1-14.9 33.1-33.1zm64-64c0-14.4-9.3-26.3-22.1-30.9 9.6 26.8-15.6 51.3-41.9 41.9 4.6 12.8 16.5 22.1 30.9 22.1 18.3 0 33.1-14.9 33.1-33.1z\"><\/path><\/svg><\/div>\n\t\t\t\t\t\t<\/span>\n\t\t<\/div>\n\t\t\t\t\t\t<\/div>\n\t\t\t\t<\/div>\n\t\t\t\t\t<\/div>\n\t\t\t\t<\/div>\n\t\t<div class=\"elementor-element elementor-element-43b0439 e-flex e-con-boxed e-con e-parent\" data-id=\"43b0439\" data-element_type=\"container\" data-e-type=\"container\">\n\t\t\t\t\t<div class=\"e-con-inner\">\n\t\t<div class=\"elementor-element elementor-element-219c8bb e-con-full e-flex e-con e-child\" data-id=\"219c8bb\" data-element_type=\"container\" data-e-type=\"container\">\n\t\t\t\t<div class=\"elementor-element elementor-element-b7f7fda elementor-widget elementor-widget-heading\" data-id=\"b7f7fda\" data-element_type=\"widget\" data-e-type=\"widget\" data-widget_type=\"heading.default\">\n\t\t\t\t<div class=\"elementor-widget-container\">\n\t\t\t\t\t<h4 class=\"elementor-heading-title elementor-size-default\">Ihre Vorteile als Trainer oder Club<\/h4>\t\t\t\t<\/div>\n\t\t\t\t<\/div>\n\t\t\t\t<div class=\"elementor-element elementor-element-d87ab5c elementor-widget elementor-widget-text-editor\" data-id=\"d87ab5c\" data-element_type=\"widget\" data-e-type=\"widget\" data-widget_type=\"text-editor.default\">\n\t\t\t\t<div class=\"elementor-widget-container\">\n\t\t\t\t\t\t\t\t\t<ul><li><strong>Individuelles Design:<\/strong> mit Ihrem Logo, Clubfarben oder Sponsor-Branding<\/li><li><strong>Strukturierte Leistungserfassung:<\/strong> Fairway-Treffer, GIR, Putts, Scrambling, Sandsaves<\/li><li><strong>Platzdaten: <\/strong>beliebig viele verschiedene Pl\u00e4tze in einer Scorecard.<\/li><li><strong>Schneller \u00dcberblick:<\/strong> auf einen Blick erkennen, wo der Spieler Schl\u00e4ge verliert<\/li><li><strong>Professionelles Erscheinungsbild<\/strong> f\u00fcr Coaching und Clubbetrieb<\/li><li><strong>Optionale Serienproduktion:<\/strong> ideal f\u00fcr Akademien, Mannschaften oder Turniere<\/li><\/ul>\t\t\t\t\t\t\t\t<\/div>\n\t\t\t\t<\/div>\n\t\t\t\t<div class=\"elementor-element elementor-element-6deb506 elementor-widget elementor-widget-heading\" data-id=\"6deb506\" data-element_type=\"widget\" data-e-type=\"widget\" data-widget_type=\"heading.default\">\n\t\t\t\t<div class=\"elementor-widget-container\">\n\t\t\t\t\t<h4 class=\"elementor-heading-title elementor-size-default\">Ideal f\u00fcr<\/h4>\t\t\t\t<\/div>\n\t\t\t\t<\/div>\n\t\t\t\t<div class=\"elementor-element elementor-element-e1c0c50 elementor-widget elementor-widget-text-editor\" data-id=\"e1c0c50\" data-element_type=\"widget\" data-e-type=\"widget\" data-widget_type=\"text-editor.default\">\n\t\t\t\t<div class=\"elementor-widget-container\">\n\t\t\t\t\t\t\t\t\t<ul><li><strong>Golftrainer:<\/strong> zur Trainingsdokumentation und Leistungsentwicklung<\/li><li><strong>Golfclubs:<\/strong> als Mitglieder- oder Turniergeschenk<\/li><li><strong>Golfakademien:<\/strong> zur Begleitung von Kursen oder Jugendf\u00f6rderung<\/li><li><strong>Unternehmen:<\/strong> als hochwertiges Golf-Giveaway mit Branding<\/li><li><strong>Golfreisen:<\/strong> das perfekte Giveaway f\u00fcr Pro-Reisen oder Club-Ausfl\u00fcge. Auf Wunsch auch mit verschiedenen Pl\u00e4tzen (zB. 2 x Platz A,\u00a0 2 x Platz B &#8230;).<\/li><\/ul>\t\t\t\t\t\t\t\t<\/div>\n\t\t\t\t<\/div>\n\t\t\t\t<\/div>\n\t\t<div class=\"elementor-element elementor-element-c609d35 e-con-full e-flex e-con e-child\" data-id=\"c609d35\" data-element_type=\"container\" data-e-type=\"container\">\n\t\t\t\t<div class=\"elementor-element elementor-element-3281eda elementor-widget elementor-widget-heading\" data-id=\"3281eda\" data-element_type=\"widget\" data-e-type=\"widget\" data-widget_type=\"heading.default\">\n\t\t\t\t<div class=\"elementor-widget-container\">\n\t\t\t\t\t<h4 class=\"elementor-heading-title elementor-size-default\">Jetzt unverbindlich anfragen<\/h4>\t\t\t\t<\/div>\n\t\t\t\t<\/div>\n\t\t\t\t<div class=\"elementor-element elementor-element-703d266 elementor-widget elementor-widget-text-editor\" data-id=\"703d266\" data-element_type=\"widget\" data-e-type=\"widget\" data-widget_type=\"text-editor.default\">\n\t\t\t\t<div class=\"elementor-widget-container\">\n\t\t\t\t\t\t\t\t\t<p>Wir erstellen Ihnen gerne ein individuelles Angebot und beraten Sie zu Gestaltung, Auflage und Versand.<\/p>\t\t\t\t\t\t\t\t<\/div>\n\t\t\t\t<\/div>\n\t\t\t\t<div class=\"elementor-element elementor-element-84dfcb9 elementor-widget elementor-widget-wpforms\" data-id=\"84dfcb9\" data-element_type=\"widget\" data-e-type=\"widget\" data-widget_type=\"wpforms.default\">\n\t\t\t\t<div class=\"elementor-widget-container\">\n\t\t\t\t\t<style id=\"wpforms-css-vars-elementor-widget-84dfcb9\">\n\t\t\t\t.elementor-widget-wpforms.elementor-element-84dfcb9 {\n\t\t\t\t--wpforms-button-background-color: #2E8B57;\n\t\t\t}\n\t\t\t<\/style><div class=\"wpforms-container wpforms-container-full wpforms-render-modern\" id=\"wpforms-283\"><form id=\"wpforms-form-283\" class=\"wpforms-validate wpforms-form wpforms-ajax-form\" data-formid=\"283\" method=\"post\" enctype=\"multipart\/form-data\" action=\"\/en\/wp-json\/wp\/v2\/pages\/85\" data-token=\"f25f8c98990f32cb5fd0d67023a1d73b\" data-token-time=\"1776086437\"><noscript class=\"wpforms-error-noscript\">Please enable JavaScript in your browser to complete this form.<\/noscript><div id=\"wpforms-error-noscript\" style=\"display: none;\">Please enable JavaScript in your browser to complete this form.<\/div><div class=\"wpforms-field-container\"><div id=\"wpforms-283-field_1-container\" class=\"wpforms-field wpforms-field-name\" data-field-id=\"1\"><fieldset><legend class=\"wpforms-field-label\">Name <span class=\"wpforms-required-label\" aria-hidden=\"true\">*<\/span><\/legend><div class=\"wpforms-field-row wpforms-field-large\"><div class=\"wpforms-field-row-block wpforms-first wpforms-one-half\"><input type=\"text\" id=\"wpforms-283-field_1\" class=\"wpforms-field-name-first wpforms-field-required\" name=\"wpforms[fields][1][first]\" aria-errormessage=\"wpforms-283-field_1-error\" required><label for=\"wpforms-283-field_1\" class=\"wpforms-field-sublabel after\">First<\/label><\/div><div class=\"wpforms-field-row-block wpforms-one-half\"><input type=\"text\" id=\"wpforms-283-field_1-last\" class=\"wpforms-field-name-last wpforms-field-required\" name=\"wpforms[fields][1][last]\" aria-errormessage=\"wpforms-283-field_1-last-error\" required><label for=\"wpforms-283-field_1-last\" class=\"wpforms-field-sublabel after\">Last<\/label><\/div><\/div><\/fieldset><\/div><div id=\"wpforms-283-field_2-container\" class=\"wpforms-field wpforms-field-email\" data-field-id=\"2\"><label class=\"wpforms-field-label\" for=\"wpforms-283-field_2\">E-Mail-Adresse <span class=\"wpforms-required-label\" aria-hidden=\"true\">*<\/span><\/label><input type=\"email\" id=\"wpforms-283-field_2\" class=\"wpforms-field-large wpforms-field-required\" name=\"wpforms[fields][2]\" spellcheck=\"false\" aria-errormessage=\"wpforms-283-field_2-error\" required><\/div><div id=\"wpforms-283-field_3-container\" class=\"wpforms-field wpforms-field-text\" data-field-id=\"3\"><label class=\"wpforms-field-label\" for=\"wpforms-283-field_3\">Club\/Organisation<\/label><input type=\"text\" id=\"wpforms-283-field_3\" class=\"wpforms-field-large\" name=\"wpforms[fields][3]\" aria-errormessage=\"wpforms-283-field_3-error\" ><\/div><div id=\"wpforms-283-field_4-container\" class=\"wpforms-field wpforms-field-number\" data-field-id=\"4\"><label class=\"wpforms-field-label\" for=\"wpforms-283-field_4\">Gew\u00fcnschte St\u00fcckzahl<\/label><input type=\"number\" id=\"wpforms-283-field_4\" class=\"wpforms-field-large\" name=\"wpforms[fields][4]\" min=\"0\" max=\"1000\" step=\"any\" aria-errormessage=\"wpforms-283-field_4-error\" ><\/div>\t\t<div id=\"wpforms-283-field_6-container\"\n\t\t\tclass=\"wpforms-field wpforms-field-text\"\n\t\t\tdata-field-type=\"text\"\n\t\t\tdata-field-id=\"6\"\n\t\t\t>\n\t\t\t<label class=\"wpforms-field-label\" for=\"wpforms-283-field_6\" >E-Mail-Adresse St\u00fcckzahl Anforderungen<\/label>\n\t\t\t<input type=\"text\" id=\"wpforms-283-field_6\" class=\"wpforms-field-medium\" name=\"wpforms[fields][6]\" >\n\t\t<\/div>\n\t\t<div id=\"wpforms-283-field_5-container\" class=\"wpforms-field wpforms-field-textarea\" data-field-id=\"5\"><label class=\"wpforms-field-label\" for=\"wpforms-283-field_5\">Deine Anforderungen \/ W\u00fcnsche<\/label><textarea id=\"wpforms-283-field_5\" class=\"wpforms-field-medium\" name=\"wpforms[fields][5]\" aria-errormessage=\"wpforms-283-field_5-error\" ><\/textarea><\/div><script>\n\t\t\t\t( function() {\n\t\t\t\t\tconst style = document.createElement( 'style' );\n\t\t\t\t\tstyle.appendChild( document.createTextNode( '#wpforms-283-field_6-container { position: absolute !important; overflow: hidden !important; display: inline !important; height: 1px !important; width: 1px !important; z-index: -1000 !important; padding: 0 !important; } #wpforms-283-field_6-container input { visibility: hidden; } #wpforms-conversational-form-page #wpforms-283-field_6-container label { counter-increment: none; }' ) );\n\t\t\t\t\tdocument.head.appendChild( style );\n\t\t\t\t\tdocument.currentScript?.remove();\n\t\t\t\t} )();\n\t\t\t<\/script><\/div><!-- .wpforms-field-container --><div class=\"wpforms-submit-container\" ><input type=\"hidden\" name=\"wpforms[id]\" value=\"283\"><input type=\"hidden\" name=\"page_title\" value=\"\"><input type=\"hidden\" name=\"page_url\" value=\"https:\/\/playgolf18.com\/en\/wp-json\/wp\/v2\/pages\/85\"><input type=\"hidden\" name=\"url_referer\" value=\"\"><button type=\"submit\" name=\"wpforms[submit]\" id=\"wpforms-submit-283\" class=\"wpforms-submit\" data-alt-text=\"Wird gesendet\u00a0\u2026\" data-submit-text=\"Absenden\" aria-live=\"assertive\" value=\"wpforms-submit\">Absenden<\/button><img decoding=\"async\" src=\"https:\/\/playgolf18.com\/wp-content\/plugins\/wpforms\/assets\/images\/submit-spin.svg\" class=\"wpforms-submit-spinner\" style=\"display: none;\" width=\"26\" height=\"26\" alt=\"Loading\"><\/div><\/form><\/div>  <!-- .wpforms-container -->\t\t\t\t<\/div>\n\t\t\t\t<\/div>\n\t\t\t\t<\/div>\n\t\t\t\t\t<\/div>\n\t\t\t\t<\/div>\n\t\t\t\t<\/div>\n\t\t","protected":false},"excerpt":{"rendered":"<p>Individuelle Golf Performance Scorecards f\u00fcr Trainer &amp; Golfclubs Ihr professionelles Analyse-Tool f\u00fcr Spielerentwicklung und Trainingserfolg. Professionelles Coaching beginnt mit klaren Daten Die Golf Performance Scorecard gibt Trainern und Golfclubs ein einfaches, analoges Werkzeug in die Hand, um das Spiel ihrer Sch\u00fcler und Mitglieder messbar zu verbessern. Mit jeder Runde entsteht ein klarer \u00dcberblick \u00fcber St\u00e4rken, [&hellip;]<\/p>\n","protected":false},"author":2,"featured_media":0,"parent":0,"menu_order":0,"comment_status":"closed","ping_status":"closed","template":"","meta":{"footnotes":""},"class_list":["post-85","page","type-page","status-publish","hentry"],"_links":{"self":[{"href":"https:\/\/playgolf18.com\/en\/wp-json\/wp\/v2\/pages\/85","targetHints":{"allow":["GET"]}}],"collection":[{"href":"https:\/\/playgolf18.com\/en\/wp-json\/wp\/v2\/pages"}],"about":[{"href":"https:\/\/playgolf18.com\/en\/wp-json\/wp\/v2\/types\/page"}],"author":[{"embeddable":true,"href":"https:\/\/playgolf18.com\/en\/wp-json\/wp\/v2\/users\/2"}],"replies":[{"embeddable":true,"href":"https:\/\/playgolf18.com\/en\/wp-json\/wp\/v2\/comments?post=85"}],"version-history":[{"count":5,"href":"https:\/\/playgolf18.com\/en\/wp-json\/wp\/v2\/pages\/85\/revisions"}],"predecessor-version":[{"id":817,"href":"https:\/\/playgolf18.com\/en\/wp-json\/wp\/v2\/pages\/85\/revisions\/817"}],"wp:attachment":[{"href":"https:\/\/playgolf18.com\/en\/wp-json\/wp\/v2\/media?parent=85"}],"curies":[{"name":"wp","href":"https:\/\/api.w.org\/{rel}","templated":true}]}}