{"id":77,"date":"2025-09-19T13:55:22","date_gmt":"2025-09-19T13:55:22","guid":{"rendered":"https:\/\/playgolf18.com\/?page_id=77"},"modified":"2025-10-18T13:05:25","modified_gmt":"2025-10-18T13:05:25","slug":"impressum","status":"publish","type":"page","link":"https:\/\/playgolf18.com\/en\/impressum\/","title":{"rendered":"Impressum"},"content":{"rendered":"<div data-elementor-type=\"wp-page\" data-elementor-id=\"77\" class=\"elementor elementor-77\" data-elementor-post-type=\"page\">\n\t\t\t\t<div class=\"elementor-element elementor-element-feea6c3 e-flex e-con-boxed e-con e-parent\" data-id=\"feea6c3\" data-element_type=\"container\" data-e-type=\"container\">\n\t\t\t\t\t<div class=\"e-con-inner\">\n\t\t\t\t<div class=\"elementor-element elementor-element-47a4f52 elementor-widget elementor-widget-heading\" data-id=\"47a4f52\" data-element_type=\"widget\" data-e-type=\"widget\" data-widget_type=\"heading.default\">\n\t\t\t\t<div class=\"elementor-widget-container\">\n\t\t\t\t\t<h1 class=\"elementor-heading-title elementor-size-default\">Impressum<\/h1>\t\t\t\t<\/div>\n\t\t\t\t<\/div>\n\t\t\t\t\t<\/div>\n\t\t\t\t<\/div>\n\t\t<div class=\"elementor-element elementor-element-c44f367 e-flex e-con-boxed e-con e-parent\" data-id=\"c44f367\" data-element_type=\"container\" data-e-type=\"container\">\n\t\t\t\t\t<div class=\"e-con-inner\">\n\t\t\t\t<div class=\"elementor-element elementor-element-3f79782 elementor-widget elementor-widget-text-editor\" data-id=\"3f79782\" data-element_type=\"widget\" data-e-type=\"widget\" data-widget_type=\"text-editor.default\">\n\t\t\t\t<div class=\"elementor-widget-container\">\n\t\t\t\t\t\t\t\t\t<p>Firmenwortlaut (laut Firmenbuch): magnetic io e.U.<br \/>Inhaber: Mag. Helmut Weitzer<br \/>Anschrift: Kaiserfeldgasse 1, 8010 Graz<br \/>E-Mail: shop@golf-18.com<br \/>UID-Nummer: ATU54416902<br \/>Firmenbuchnummer: 485010a<br \/>Firmengericht: Landesgericht f\u00fcr ZRS Graz<br \/>Berechtigungen: Unternehmensberatung einschlie\u00dflich der Unternehmensorganisation<\/p><p>Im Hinblick auf die technischen Eigenschaften des Internet kann keine Gew\u00e4hr f\u00fcr die Authentizit\u00e4t, Richtigkeit und Vollst\u00e4ndigkeit der im Internet zur Verf\u00fcgung gestellten Informationen \u00fcbernommen werden. Es wird auch keine Gew\u00e4hr f\u00fcr die Verf\u00fcgbarkeit oder den Betrieb der gegenst\u00e4ndlichen Homepage und ihrer Inhalte \u00fcbernommen.<\/p><p>Jede Haftung f\u00fcr unmittelbare, mittelbare oder sonstige Sch\u00e4den, unabh\u00e4ngig von deren Ursachen, die aus der Benutzung oder Nichtverf\u00fcgbarkeit der Daten und Informationen dieser Homepage erwachsen, wird, soweit rechtlich zul\u00e4ssig, ausgeschlossen.<br \/>Der Inhalt dieser Homepage ist urheberrechtlich gesch\u00fctzt. Die Informationen sind nur f\u00fcr die pers\u00f6nliche Verwendung bestimmt. Jede weitergehende Nutzung, insbesondere die Speicherung in Datenbanken, Vervielf\u00e4ltigung und jede Form von gewerblicher Nutzung sowie die Weitergabe an Dritte \u2014 auch in Teilen oder in \u00fcberarbeiteter Form \u2014 ohne Zustimmung der jeweiligen Organisation, ist untersagt.<br \/>Hyperlinks auf crossdesign.at sind willkommen. Jede Einbindung einzelner Seiten unseres Angebotes in fremde Frames ist zu unterlassen.<br \/>Soweit im Content personenbezogene Bezeichnungen nur in m\u00e4nnlicher Form angef\u00fchrt sind, beziehen sie sich auf Frauen und M\u00e4nner in gleicher Weise.<\/p><p><strong>Google<\/strong><br \/>Diese Website benutzt Google Analytics, einen Webanalysedienst der Google Inc. (Google). Google Analytics verwendet sog. Cookies, Textdateien, die auf Ihrem Computer gespeichert werden und die eine Analyse der Benutzung der Website durch Sie erm\u00f6glichen. Die durch den Cookie erzeugten Informationen \u00fcber Ihre Benutzung dieser Website (einschlie\u00dflich Ihrer IP-Adresse) wird an einen Server von Google in den USA \u00fcbertragen und dort gespeichert. Google wird diese Informationen benutzen, um Ihre Nutzung der Website auszuwerten, um Reports \u00fcber die Websiteaktivit\u00e4ten f\u00fcr die Websitebetreiber zusammenzustellen und um weitere mit der Websitenutzung und der Internetnutzung verbundene Dienstleistungen zu erbringen. Auch wird Google diese Informationen gegebenenfalls an Dritte \u00fcbertragen, sofern dies gesetzlich vorgeschrieben oder soweit Dritte diese Daten im Auftrag von Google verarbeiten. Google wird in keinem Fall Ihre IP-Adresse mit anderen Daten von Google in Verbindung bringen. Sie k\u00f6nnen die Installation der Cookies durch eine entsprechende Einstellung Ihrer Browser Software verhindern; wir weisen Sie jedoch darauf hin, dass Sie in diesem Fall gegebenenfalls nicht s\u00e4mtliche Funktionen dieser Website vollumf\u00e4nglich nutzen k\u00f6nnen. Durch die Nutzung dieser Website erkl\u00e4ren Sie sich mit der Bearbeitung der \u00fcber Sie erhobenen Daten durch Google in der zuvor beschriebenen Art und Weise und zu dem zuvor benannten Zweck einverstanden.<br \/>Soweit Google Adsense, ein Webanzeigendienst der Google Inc., USA (Google), auf dieser Website Werbung (Textanzeigen, Banner etc.) schaltet, speichert Ihr Browser eventuell ein von Google Inc. oder Dritten gesendetes Cookie. Die in dem Cookie gespeicherten Informationen k\u00f6nnen durch Google Inc. oder auch Dritte aufgezeichnet, gesammelt und ausgewertet werden. Dar\u00fcber hinaus verwendet Google Adsense zur Sammlung von Informationen auch sog. WebBacons (kleine unsichtbare Grafiken), durch deren Verwendung einfache Aktionen wie der Besucherverkehr auf der Webseite aufgezeichnet, gesammelt und ausgewertet werden k\u00f6nnen. Die durch den Cookie und\/oder Web Bacon erzeugten Informationen \u00fcber Ihre Nutzung dieser Website werden an einen Server von Google in den USA \u00fcbertragen und dort gespeichert. Google benutzt die so erhaltenen Informationen, um eine Auswertung Ihres Nutzungsverhaltens im Hinblick auf die AdSense-Anzeigen durchzuf\u00fchren. Google wird diese Informationen gegebenenfalls auch an Dritte \u00fcbertragen, sofern dies gesetzlich vorgeschrieben ist oder soweit Dritte diese Daten im Auftrag von Google verarbeiten. Ihre IP-Adresse wird von Google nicht mit anderen von Google gespeicherten Daten in Verbindung gebracht. Sie k\u00f6nnen das Speichern von Cookies auf Ihrer Festplatte und die Anzeige von Web Bacons verhindern. Dazu m\u00fcssen Sie in Ihren Browser-Einstellungen \u201ekeine Cookies akzeptieren\u201c w\u00e4hlen (Im Internet-Explorer unter: Extras \/ Internetoptionen \/ Datenschutz \/ Einstellung, bei Firefox unter: Extras \/ Einstellungen \/ Datenschutz \/ Cookies)<\/p><p><strong>Gender-Erkl\u00e4rung<\/strong><br \/>Zur besseren Lesbarkeit werden auf dieser Webseite personenbezogene Bezeichnungen, die sich zugleich auf Frauen und M\u00e4nner beziehen, generell nur in der m\u00e4nnlichen Form angef\u00fchrt. Dies soll jedoch keinesfalls eine Geschlechterdiskriminierung oder eine Verletzung des Geschlechtergrundsatzes zum Ausdruck bringen, sondern soll ausschlie\u00dflich der besseren Lesbarkeit dienen.<\/p>\t\t\t\t\t\t\t\t<\/div>\n\t\t\t\t<\/div>\n\t\t\t\t\t<\/div>\n\t\t\t\t<\/div>\n\t\t\t\t<\/div>","protected":false},"excerpt":{"rendered":"<p>Impressum Firmenwortlaut (laut Firmenbuch): magnetic io e.U.Inhaber: Mag. Helmut WeitzerAnschrift: Kaiserfeldgasse 1, 8010 GrazE-Mail: shop@golf-18.comUID-Nummer: ATU54416902Firmenbuchnummer: 485010aFirmengericht: Landesgericht f\u00fcr ZRS GrazBerechtigungen: Unternehmensberatung einschlie\u00dflich der Unternehmensorganisation Im Hinblick auf die technischen Eigenschaften des Internet kann keine Gew\u00e4hr f\u00fcr die Authentizit\u00e4t, Richtigkeit und Vollst\u00e4ndigkeit der im Internet zur Verf\u00fcgung gestellten Informationen \u00fcbernommen werden. Es wird auch keine [&hellip;]<\/p>\n","protected":false},"author":2,"featured_media":0,"parent":0,"menu_order":0,"comment_status":"closed","ping_status":"closed","template":"","meta":{"footnotes":""},"class_list":["post-77","page","type-page","status-publish","hentry"],"_links":{"self":[{"href":"https:\/\/playgolf18.com\/en\/wp-json\/wp\/v2\/pages\/77","targetHints":{"allow":["GET"]}}],"collection":[{"href":"https:\/\/playgolf18.com\/en\/wp-json\/wp\/v2\/pages"}],"about":[{"href":"https:\/\/playgolf18.com\/en\/wp-json\/wp\/v2\/types\/page"}],"author":[{"embeddable":true,"href":"https:\/\/playgolf18.com\/en\/wp-json\/wp\/v2\/users\/2"}],"replies":[{"embeddable":true,"href":"https:\/\/playgolf18.com\/en\/wp-json\/wp\/v2\/comments?post=77"}],"version-history":[{"count":7,"href":"https:\/\/playgolf18.com\/en\/wp-json\/wp\/v2\/pages\/77\/revisions"}],"predecessor-version":[{"id":362,"href":"https:\/\/playgolf18.com\/en\/wp-json\/wp\/v2\/pages\/77\/revisions\/362"}],"wp:attachment":[{"href":"https:\/\/playgolf18.com\/en\/wp-json\/wp\/v2\/media?parent=77"}],"curies":[{"name":"wp","href":"https:\/\/api.w.org\/{rel}","templated":true}]}}