{"id":3,"date":"2025-06-24T13:18:31","date_gmt":"2025-06-24T13:18:31","guid":{"rendered":"http:\/\/127.0.0.1\/?page_id=3"},"modified":"2025-10-18T08:12:25","modified_gmt":"2025-10-18T08:12:25","slug":"datenschutz","status":"publish","type":"page","link":"https:\/\/playgolf18.com\/en\/datenschutz\/","title":{"rendered":"Datenschutz"},"content":{"rendered":"<div data-elementor-type=\"wp-page\" data-elementor-id=\"3\" class=\"elementor elementor-3\" data-elementor-post-type=\"page\">\n\t\t\t\t<div class=\"elementor-element elementor-element-34e8f93 e-flex e-con-boxed e-con e-parent\" data-id=\"34e8f93\" data-element_type=\"container\" data-e-type=\"container\">\n\t\t\t\t\t<div class=\"e-con-inner\">\n\t\t\t\t<div class=\"elementor-element elementor-element-09dc072 elementor-widget elementor-widget-heading\" data-id=\"09dc072\" data-element_type=\"widget\" data-e-type=\"widget\" data-widget_type=\"heading.default\">\n\t\t\t\t<div class=\"elementor-widget-container\">\n\t\t\t\t\t<h1 class=\"elementor-heading-title elementor-size-default\">Datenschutz<\/h1>\t\t\t\t<\/div>\n\t\t\t\t<\/div>\n\t\t\t\t\t<\/div>\n\t\t\t\t<\/div>\n\t\t\t\t<section class=\"elementor-section elementor-top-section elementor-element elementor-element-8c7c7cd elementor-section-boxed elementor-section-height-default elementor-section-height-default\" data-id=\"8c7c7cd\" data-element_type=\"section\" data-e-type=\"section\">\n\t\t\t\t\t\t<div class=\"elementor-container elementor-column-gap-default\">\n\t\t\t\t\t<div class=\"elementor-column elementor-col-100 elementor-top-column elementor-element elementor-element-8a06bfe\" data-id=\"8a06bfe\" data-element_type=\"column\" data-e-type=\"column\">\n\t\t\t<div class=\"elementor-widget-wrap elementor-element-populated\">\n\t\t\t\t\t\t<div class=\"elementor-element elementor-element-499e489 elementor-widget elementor-widget-text-editor\" data-id=\"499e489\" data-element_type=\"widget\" data-e-type=\"widget\" data-widget_type=\"text-editor.default\">\n\t\t\t\t<div class=\"elementor-widget-container\">\n\t\t\t\t\t\t\t\t\t<p>Datenschutz ist Vertrauenssache und Ihr Vertrauen ist uns wichtig. Damit Sie sich bei dem Besuch und der Nutzung unserer Angebote sicher f\u00fchlen, beachten wir bei der Verarbeitung Ihrer personenbezogenen Daten streng die gesetzlichen Bestimmungen und m\u00f6chten Sie hier \u00fcber unsere Datenerhebung und Datenverwendung informieren. Die nachfolgende Datenschutzerkl\u00e4rung erl\u00e4utert Ihnen, welche Daten von Ihnen bei unseren Angeboten erhoben werden und welche dieser Daten wir auf welche Weise verarbeiten und nutzen und an wen Sie sich dazu mit Anliegen wenden k\u00f6nnen.<\/p>\n<p><strong>1. Verantwortliche Stelle und Rechte des Betroffenen<\/strong><\/p>\n<p>Verantwortliche Stelle f\u00fcr die Erhebung, Verarbeitung und Nutzung Ihrer personenbezogenen Daten im Sinne der Datenschutzgesetzte ist magnetic io e.U. (im Folgenden: magnetic). magnetic ist als verantwortliche Stelle unter den nachfolgend genannten Kontaktdaten f\u00fcr Sie erreichbar:<\/p>\n<p>Postalisch unter: magnetic io e.U., Kaiserfeldgasse 1, 8010 Graz, \u00d6sterreich<br \/>E-Mail: shop@golf-18.com<br \/>Gesch\u00e4ftsf\u00fchrer: Mag. Helmut Weitzer<br \/>Sie k\u00f6nnen jederzeit unentgeltlich Auskunft \u00fcber Ihre bei uns gespeicherten Daten erhalten, sowie Ihr Recht auf Berichtigung Sperrung oder L\u00f6schung Ihrer Daten geltend machen. Wenden sie sich hierzu an die zuvor genannten Kontaktdaten. Sofern Sie der Erhebung, Verarbeitung oder Nutzung Ihrer Daten durch magnetic nach Ma\u00dfgabe dieser Datenschutzbestimmungen insgesamt oder f\u00fcr einzelne Ma\u00dfnahmen widersprechen wollen, k\u00f6nnen Sie Ihren Widerspruch per E-Mail oder Brief ebenfalls an die zuvor genannten Kontaktdaten richten.<\/p>\n<p><strong>2. Erhebung, Verarbeitung und Nutzung von personenbezogenen Daten<\/strong><\/p>\n<p>Personenbezogene Daten sind Angaben \u00fcber sachliche oder pers\u00f6nliche Verh\u00e4ltnisse einer bestimmten oder bestimmbaren nat\u00fcrlichen Person. Hierunter fallen beispielsweise Ihr Name, Ihre Telefonnummer, Ihre Anschrift, Ihre IP-Adresse sowie s\u00e4mtliche Bestandsdaten, die Sie uns bei der Registrierung und beim Anlegen Ihres Accounts mitteilen.<\/p>\n<p>2.1 Account<br \/>Folgende Daten sind bei der Registrierung f\u00fcr ein Kundenkonto verpflichtend anzugeben (Pflichtangaben):<br \/>\u2013 E-Mail-Adresse<br \/>\u2013 Passwort<br \/>Folgende Daten m\u00fcssen erst angegeben werden, sobald Sie eine kostenpflichtige Bestellung t\u00e4tigen:<br \/>\u2013 Unternehmensname<br \/>\u2013 Ansprechperson (Vorname, Nachname)<br \/>\u2013 Anrede<br \/>\u2013 Rechnungsadresse<br \/>\u2013 Lieferadresse<br \/>F\u00fcr Ihre Bestellung ben\u00f6tigen wir Ihre korrekten Namens-, Adress- und Zahldaten. Ihre E-Mail-Adresse ben\u00f6tigen wir, damit wir Ihnen den Eingang Ihrer Bestellung best\u00e4tigen k\u00f6nnen sowie generell, um mit Ihnen kommunizieren zu k\u00f6nnen. Wir nutzen Ihre E-Mail-Adresse zudem f\u00fcr Ihre Identifikation (als Anmeldename), wenn Sie sich in Ihrem Account anmelden.<\/p>\n<p>2.2 Erhebung, Verarbeitung und Nutzung Ihrer personenbezogenen Daten<br \/>Wir erheben, speichern und verarbeiten Ihre Daten f\u00fcr die gesamte Abwicklung Ihrer Bestellung und einschlie\u00dflich eventuell sp\u00e4terer Gew\u00e4hrleistungen, die technische Administration sowie zur Verhinderung von Straftaten und Betrug. Ihre personenbezogenen Daten werden an Dritte nur weitergegeben soweit dies gesetzlich zul\u00e4ssig ist, einschlie\u00dflich zum Zwecke der Vertragsabwicklung oder Abrechnung oder wenn Sie zuvor eingewilligt haben. Im Rahmen der Bestellabwicklung erhalten beispielsweise die von uns eingesetzten Dienstleister (wie bspw. Banken, Logistiker) die notwendigen Daten zur Bestell- und Auftragsabwicklung. Die so weitergegebenen Daten d\u00fcrfen von unseren Dienstleistern lediglich zur Erf\u00fcllung ihrer Aufgabe verwendet werden. Selbst wenn sie keinen Vertag mit magnetic abschlie\u00dfen erheben wir als Websitebetreiber aufgrund unseres berechtigten Interesses im Sinne des Art. 6 Abs. 1 lit. f, der Datenschutzgrundverordnung Daten \u00fcber Ihren Zugriff und protokolieren die besuchte Webseite, Datum und Uhrzeit des Zugriffes, die Menge der gesendeten Daten, die Quelle\/den Verweis, von welcher Seite Sie auf unsere Seite gelangt sind, Version und Art des verwendeten Browsers und Betriebssystems, sowie Ihre IP-Adresse und speichern diese als \u201eServer-Logfile\u201c auf dem Server der Web-Site. Die Server-Logfiles werden f\u00fcr maximal 60 Tage gespeichert und anschlie\u00dfend gel\u00f6scht. Die Speicherung erfolgt aus Sicherheitsgr\u00fcnden um allf\u00e4llige Missbrauchsf\u00e4lle aufkl\u00e4ren zu k\u00f6nnen und zur Verbesserung unserer Angebote. M\u00fcssen Daten aus Beweisgr\u00fcnden aufgehoben werden, sind sie bis zur Aufkl\u00e4rung von der L\u00f6schung ausgenommen.<\/p>\n<p>2.3 Daten\u00fcbermittlung<br \/>Wir geben Ihre Daten im Bedarfsfall mit entsprechender Rechtsgrundlage oder Zustimmung an folgende Empf\u00e4ngerkategorien weiter: Banken, Rechtsvertreter, Wirtschaftstreuh\u00e4nder, Gerichte, Verwaltungsbeh\u00f6rden, Inkassounternehmen, Versicherungen, mitwirkende Vertrags- und Gesch\u00e4ftspartner, IT-Dienstleister, Werbeagenturen.<br \/>Ihre Daten werden zumindest zum Teil auch au\u00dferhalb der EU bzw. des EWR verarbeitet, und zwar in den USA.<br \/>Das angemessene Schutzniveau ergibt sich aus einem Angemessenheitsbeschluss der Europ\u00e4ischen Kommission nach Art 45 DSGVO durch Privacy Shield.<\/p>\n<p><strong>3. Cookies<\/strong><\/p>\n<p>Das Akzeptieren von Cookies ist keine Voraussetzung zum Besuch unserer Webseite. Jedoch weisen wir Sie darauf hin, dass unsere Webseite und Angebote nur eingeschr\u00e4nkte Funktionalit\u00e4ten hat, wenn Sie es uns nicht erlauben Cookies zu setzen.<\/p>\n<p>3.1 Was sind Cookies?<br \/>Cookies sind kleine Dateien, die auf Ihrem Datentr\u00e4ger gespeichert werden und die bestimmte Einstellungen und Daten zum Austausch mit unserem System \u00fcber Ihren Browser speichern. Grunds\u00e4tzlich unterscheidet man 2 verschiedenen Arten von Cookies, sogenannte Session-Cookies, die gel\u00f6scht werden, sobald Sie Ihren Browser schlie\u00dfen und tempor\u00e4re\/permanente Cookies, die f\u00fcr einen l\u00e4ngeren Zeitraum oder unbegrenzt auf Ihrem Datentr\u00e4ger gespeichert werden. Diese Speicherung hilft uns, unsere Angebote f\u00fcr Sie entsprechend zu gestalten und erleichtert Ihnen die Nutzung, indem beispielsweise bestimmte Eingaben von Ihnen so gespeichert werden, dass Sie sie nicht st\u00e4ndig wiederholen m\u00fcssen.<\/p>\n<p>3.2 Gibt es auch Cookies von Drittanbietern (sog. Third-Party-Cookies)?<br \/>magnetic bedient sich einiger Drittanbieter, die dabei helfen, das Internetangebot und die Webseiten f\u00fcr Sie interessanter zu gestalten. Daher werden bei einem Besuch der Webseiten auch Cookies von Partnerunternehmen auf Ihrer Festplatte gespeichert. Hierbei handelt es sich um tempor\u00e4re\/permanente Cookies, die sich automatisch nach der vorgegebenen Zeit l\u00f6schen. Diese tempor\u00e4ren oder auch permanenten Cookies (Lebensdauer 14 Tage bis 10 Jahre) werden auf Ihrer Festplatte gespeichert und l\u00f6schen sich nach der vorgegebenen Zeit von allein. Auch die Cookies unserer Partnerunternehmen enthalten lediglich pseudonyme meist sogar anonyme Daten.<\/p>\n<p>3.3 Wie k\u00f6nnen Sie die Speicherung von Cookies verhindern?<br \/>In Ihrem Browser k\u00f6nnen Sie einstellen, dass eine Speicherung von Cookies nur akzeptiert wird, wenn Sie dem zustimmen und so f\u00fcr die Zukunft ein weiteres Setzen von Cookies verhindern. Wenn Sie nur die magnetic-Cookies nicht aber die Cookies unserer Dienstleister und Partner akzeptieren wollen, k\u00f6nnen Sie die Einstellung in Ihrem Browser \u201eCookies von Drittanbietern blockieren\u201c w\u00e4hlen. In der Regel wird Ihnen in der Men\u00fcleiste Ihres Webbrowsers \u00fcber die Hilfe-Funktion angezeigt, wie Sie neue Cookies abweisen und bereits erhaltene ausschalten k\u00f6nnen.<\/p>\n<p><strong>4. Web Analyse<\/strong><\/p>\n<p>Um unser Angebot stetig zu verbessern und zu optimieren, nutzen wir sogenannte Tracking-Technologien. Hierf\u00fcr nutzen wir die Dienstleistungen von Google Analytics.<\/p>\n<p>4.1 Google Analytics<br \/>Diese Website benutzt Google (Universal) Analytics, einen Webanalysedienst der Google Inc. (www.google.at). Google (Universal) Analytics verwendet Methoden, die eine Analyse der Benutzung der Website durch Sie erm\u00f6glichen, wie zum Beispiel sog. \u201eCookies\u201c, Textdateien, die auf Ihrem Computer gespeichert werden. Die erzeugten Informationen \u00fcber Ihre Benutzung dieser Website werden in der Regel an einen Server von Google in den USA \u00fcbertragen und dort gespeichert. Durch die Aktivierung der IP-Anonymisierung auf unseren Angeboten wird dabei die IP-Adresse vor der \u00dcbermittlung innerhalb der Mitgliedstaaten der Europ\u00e4ischen Union oder in anderen Vertragsstaaten des Abkommens \u00fcber den Europ\u00e4ischen Wirtschaftsraum gek\u00fcrzt. Nur in Ausnahmef\u00e4llen wird die volle IP-Adresse an einen Server von Google in den USA \u00fcbertragen und dort gek\u00fcrzt. Die im Rahmen von Google Analytics von Ihrem Browser \u00fcbermittelte anonymisierte IP-Adresse wird nicht mit anderen Daten von Google zusammengef\u00fchrt. Sie k\u00f6nnen die Erfassung der durch das Cookie erzeugten und auf Ihre Nutzung der Website bezogenen Daten (inkl. Ihrer IP-Adresse) an Google sowie die Verarbeitung dieser Daten durch Google verhindern, indem Sie das unter dem folgenden Link verf\u00fcgbare Browser-Plugin herunterladen und installieren:<br \/>http:\/\/tools.google.com\/dlpage\/gaoptout?hl=de.<br \/>Alternativ zum Browser-Plugin k\u00f6nnen Sie diesen Link klicken, um die Erfassung durch Google Analytics auf dieser Website zuk\u00fcnftig zu verhindern. Dabei wird ein Opt-Out-Cookie auf Ihrem Endger\u00e4t abgelegt. L\u00f6schen Sie Ihre Cookies, m\u00fcssen Sie den Link erneut klicken.<\/p>\n<p><strong>5. Sichere Daten\u00fcbertragung<\/strong><\/p>\n<p>Ihre pers\u00f6nlichen Daten werden bei uns sicher durch Verschl\u00fcsselung \u00fcbertragen. Dies gilt nat\u00fcrlich auch f\u00fcr Ihre Bestellung und auch f\u00fcr das Accountlogin. Wir bedienen uns dabei des Codierungssystems TLS (Transport Layer Security) bzw. SSL (Secure Socket Layer). Des Weiteren sichern wir unsere Webseiten und sonstige Systeme durch technische und organisatorische Ma\u00dfnahmen gegen Verlust, Zerst\u00f6rung, Zugriff, Ver\u00e4nderung oder Verbreitung Ihrer Daten durch unbefugte Personen ab.<\/p>\n<p><strong>6. Links zu anderen Websites und sozialen Medien<\/strong><\/p>\n<p>Die Angabe von Links zu anderen Websites erfolgt lediglich zu Informationszwecken. Andere Websites entziehen sich unserer Kontrolle und fallen nicht unter diese Richtlinie. Beim Aufruf anderer Websites \u00fcber die angegebenen Links k\u00f6nnen von den Betreibern der jeweiligen Websites gegebenenfalls Daten \u00fcber Sie erhoben werden, die von den Betreibern dann gem\u00e4\u00df ihrer jeweiligen Datenschutzrichtlinie in einer Art und Weise verwendet werden k\u00f6nnen, die von unserer Richtlinie abweichen kann.<br \/>Auf einigen Seiten unserer Website k\u00f6nnen Inhalte, Applikationen oder Plug-ins von Drittanbietern zur Verf\u00fcgung gestellt werden, die Ihre Verwendung von Inhalten, Applikationen oder Plug-ins nachverfolgen und\/oder die Ihre Verwendung von Inhalten, Applikationen oder Plug-ins optimieren. Wenn Sie beispielsweise einen Artikel \u00fcber einen Share-Button f\u00fcr Social Media (z. B. Facebook, Twitter oder Google Plus) auf unserer Website mit anderen teilen, wird dieser Vorgang vom sozialen Netzwerk, das den Button erstellt hat, aufgezeichnet.<\/p>\n<p><strong>7. Onlinepr\u00e4senzen in sozialen Medien<\/strong><\/p>\n<p>Wir unterhalten Onlinepr\u00e4senzen innerhalb sozialer Netzwerke und Plattformen, um mit den dort aktiven Kunden, Interessenten und Nutzern kommunizieren und sie dort \u00fcber unsere Leistungen informieren zu k\u00f6nnen. Beim Aufruf der jeweiligen Netzwerke und Plattformen gelten die Gesch\u00e4ftsbedingungen und die Datenverarbeitungsrichtlinien deren jeweiligen Betreiber. Wir verarbeiten die Daten der Nutzer sofern diese mit uns innerhalb der sozialen Netzwerke und Plattformen kommunizieren, z.B. Beitr\u00e4ge auf unseren Onlinepr\u00e4senzen verfassen oder uns Nachrichten zusenden.<\/p>\n<p><strong>8. Google Fonts und Google Maps<\/strong><\/p>\n<p>Wir binden die Schriftarten (\u201eGoogle Fonts\u201c) und die Landkarten des Dienstes \u201cGoogle Maps\u201d des Anbieters Google LLC, 1600 Amphitheatre Parkway, Mountain View, CA 94043, USA, ein. Zu den verarbeiteten Daten k\u00f6nnen insbesondere IP-Adressen und Standortdaten der Nutzer geh\u00f6ren, die jedoch nicht ohne deren Einwilligung (im Regelfall im Rahmen der Einstellungen ihrer Mobilger\u00e4te vollzogen), erhoben werden. Die Daten k\u00f6nnen in den USA verarbeitet werden. Datenschutzerkl\u00e4rung: https:\/\/www.google.com\/policies\/privacy\/,<br \/>Opt-Out: https:\/\/adssettings.google.com\/authenticated.<\/p>\n<p><strong>9. Datenaufbewahrung<\/strong><\/p>\n<p>Wir werden Ihre Daten nicht l\u00e4nger aufbewahren, als es f\u00fcr unsere Gesch\u00e4ftszwecke oder aufgrund rechtlicher Anforderungen notwendig ist. Wir weisen Sie jedoch darauf hin, dass wir gegebenenfalls einige Daten zur\u00fcckbehalten, nachdem Sie Ihr Konto bei uns geschlossen haben, z.B. wenn dies notwendig ist, um unsere rechtlichen Pflichten zu erf\u00fcllen, wie beispielswiese zur Aufbewahrung der Daten f\u00fcr Steuer- und Buchhaltungszwecke.<\/p>\n<p><strong>10. Rechtsbehelfsbelehrung<\/strong><\/p>\n<p>Ihnen stehen grunds\u00e4tzlich die Rechte auf Auskunft, Berichtigung, L\u00f6schung, Einschr\u00e4nkung, Daten\u00fcbertragbarkeit und Widerspruch zu. Daf\u00fcr wenden Sie sich an uns.<br \/>Wenn Sie glauben, dass die Verarbeitung Ihrer Daten gegen das Datenschutzrecht verst\u00f6\u00dft oder Ihre datenschutzrechtlichen Anspr\u00fcche sonst in einer Weise verletzt worden sind, k\u00f6nnen Sie sich bei der Aufsichtsbeh\u00f6rde beschweren. In \u00d6sterreich ist die \u00f6sterreichische Datenschutzbeh\u00f6rde, Wickenburggasse 8, 1080 Wien zust\u00e4ndig.<\/p>\t\t\t\t\t\t\t\t<\/div>\n\t\t\t\t<\/div>\n\t\t\t\t\t<\/div>\n\t\t<\/div>\n\t\t\t\t\t<\/div>\n\t\t<\/section>\n\t\t\t\t<\/div>","protected":false},"excerpt":{"rendered":"<p>Datenschutz Datenschutz ist Vertrauenssache und Ihr Vertrauen ist uns wichtig. Damit Sie sich bei dem Besuch und der Nutzung unserer Angebote sicher f\u00fchlen, beachten wir bei der Verarbeitung Ihrer personenbezogenen Daten streng die gesetzlichen Bestimmungen und m\u00f6chten Sie hier \u00fcber unsere Datenerhebung und Datenverwendung informieren. Die nachfolgende Datenschutzerkl\u00e4rung erl\u00e4utert Ihnen, welche Daten von Ihnen bei [&hellip;]<\/p>\n","protected":false},"author":2,"featured_media":0,"parent":0,"menu_order":0,"comment_status":"closed","ping_status":"open","template":"","meta":{"footnotes":""},"class_list":["post-3","page","type-page","status-publish","hentry"],"_links":{"self":[{"href":"https:\/\/playgolf18.com\/en\/wp-json\/wp\/v2\/pages\/3","targetHints":{"allow":["GET"]}}],"collection":[{"href":"https:\/\/playgolf18.com\/en\/wp-json\/wp\/v2\/pages"}],"about":[{"href":"https:\/\/playgolf18.com\/en\/wp-json\/wp\/v2\/types\/page"}],"author":[{"embeddable":true,"href":"https:\/\/playgolf18.com\/en\/wp-json\/wp\/v2\/users\/2"}],"replies":[{"embeddable":true,"href":"https:\/\/playgolf18.com\/en\/wp-json\/wp\/v2\/comments?post=3"}],"version-history":[{"count":8,"href":"https:\/\/playgolf18.com\/en\/wp-json\/wp\/v2\/pages\/3\/revisions"}],"predecessor-version":[{"id":356,"href":"https:\/\/playgolf18.com\/en\/wp-json\/wp\/v2\/pages\/3\/revisions\/356"}],"wp:attachment":[{"href":"https:\/\/playgolf18.com\/en\/wp-json\/wp\/v2\/media?parent=3"}],"curies":[{"name":"wp","href":"https:\/\/api.w.org\/{rel}","templated":true}]}}