{"id":11,"date":"2025-09-19T13:56:15","date_gmt":"2025-09-19T13:56:15","guid":{"rendered":"https:\/\/playgolf18.com\/?page_id=11"},"modified":"2025-10-18T08:11:38","modified_gmt":"2025-10-18T08:11:38","slug":"rueckerstattung_rueckgaben","status":"publish","type":"page","link":"https:\/\/playgolf18.com\/en\/rueckerstattung_rueckgaben\/","title":{"rendered":"Zahlung und Versand"},"content":{"rendered":"<div data-elementor-type=\"wp-page\" data-elementor-id=\"11\" class=\"elementor elementor-11\" data-elementor-post-type=\"page\">\n\t\t\t\t<div class=\"elementor-element elementor-element-03ebf23 e-flex e-con-boxed e-con e-parent\" data-id=\"03ebf23\" data-element_type=\"container\" data-e-type=\"container\">\n\t\t\t\t\t<div class=\"e-con-inner\">\n\t\t\t\t<div class=\"elementor-element elementor-element-0aaf84c elementor-widget elementor-widget-heading\" data-id=\"0aaf84c\" data-element_type=\"widget\" data-e-type=\"widget\" data-widget_type=\"heading.default\">\n\t\t\t\t<div class=\"elementor-widget-container\">\n\t\t\t\t\t<h1 class=\"elementor-heading-title elementor-size-default\">Zahlung, Versand, R\u00fccksendung<\/h1>\t\t\t\t<\/div>\n\t\t\t\t<\/div>\n\t\t\t\t\t<\/div>\n\t\t\t\t<\/div>\n\t\t<div class=\"elementor-element elementor-element-d6260c4 e-flex e-con-boxed e-con e-parent\" data-id=\"d6260c4\" data-element_type=\"container\" data-e-type=\"container\">\n\t\t\t\t\t<div class=\"e-con-inner\">\n\t\t\t\t<div class=\"elementor-element elementor-element-a16842a elementor-widget elementor-widget-text-editor\" data-id=\"a16842a\" data-element_type=\"widget\" data-e-type=\"widget\" data-widget_type=\"text-editor.default\">\n\t\t\t\t<div class=\"elementor-widget-container\">\n\t\t\t\t\t\t\t\t\t<h4>Zahlung<\/h4><p>Sie k\u00f6nnen per Kreditkarte, Klarna, EPS und Paypal bezahlen.<\/p><h4>Lieferung<\/h4><p>Die Lieferung erfolgt in 2 bis 4 Werktagen.<\/p><h4>Lieferkosten<\/h4><p>\u00d6sterreich: 4,90 Euro, Versandkostenfrei ab 99 Euro<br \/>EU: 6,90 Euro, Versandkostenfrei ab 149 Euro<\/p><h4>R\u00fcckgabe<\/h4><p>Sollte die gelieferte Ware nicht Ihren Vorstellungen entsprechen, nehmen wir diese \u2013 in verkaufsf\u00e4higem Zustand, innerhalb von 30 Tagen nach Lieferung \u2013 gerne zur\u00fcck. Es gilt als vereinbart, dass f\u00fcr die Kosten der R\u00fccksendung der Kunde aufkommt. Werden Waren entgegen der AGB unfrei retourniert, sind wir berechtigt, die R\u00fccksendekosten vom ev. Gutschriftswert abzuziehen.<\/p>\t\t\t\t\t\t\t\t<\/div>\n\t\t\t\t<\/div>\n\t\t\t\t\t<\/div>\n\t\t\t\t<\/div>\n\t\t\t\t<\/div>","protected":false},"excerpt":{"rendered":"<p>Zahlung, Versand, R\u00fccksendung Zahlung Sie k\u00f6nnen per Kreditkarte, Klarna, EPS und Paypal bezahlen. Lieferung Die Lieferung erfolgt in 2 bis 4 Werktagen. Lieferkosten \u00d6sterreich: 4,90 Euro, Versandkostenfrei ab 99 EuroEU: 6,90 Euro, Versandkostenfrei ab 149 Euro R\u00fcckgabe Sollte die gelieferte Ware nicht Ihren Vorstellungen entsprechen, nehmen wir diese \u2013 in verkaufsf\u00e4higem Zustand, innerhalb von 30 [&hellip;]<\/p>\n","protected":false},"author":2,"featured_media":0,"parent":0,"menu_order":0,"comment_status":"closed","ping_status":"closed","template":"","meta":{"footnotes":""},"class_list":["post-11","page","type-page","status-publish","hentry"],"_links":{"self":[{"href":"https:\/\/playgolf18.com\/en\/wp-json\/wp\/v2\/pages\/11","targetHints":{"allow":["GET"]}}],"collection":[{"href":"https:\/\/playgolf18.com\/en\/wp-json\/wp\/v2\/pages"}],"about":[{"href":"https:\/\/playgolf18.com\/en\/wp-json\/wp\/v2\/types\/page"}],"author":[{"embeddable":true,"href":"https:\/\/playgolf18.com\/en\/wp-json\/wp\/v2\/users\/2"}],"replies":[{"embeddable":true,"href":"https:\/\/playgolf18.com\/en\/wp-json\/wp\/v2\/comments?post=11"}],"version-history":[{"count":11,"href":"https:\/\/playgolf18.com\/en\/wp-json\/wp\/v2\/pages\/11\/revisions"}],"predecessor-version":[{"id":244,"href":"https:\/\/playgolf18.com\/en\/wp-json\/wp\/v2\/pages\/11\/revisions\/244"}],"wp:attachment":[{"href":"https:\/\/playgolf18.com\/en\/wp-json\/wp\/v2\/media?parent=11"}],"curies":[{"name":"wp","href":"https:\/\/api.w.org\/{rel}","templated":true}]}}